{"id":11873,"date":"2024-03-20T21:01:15","date_gmt":"2024-03-20T21:01:15","guid":{"rendered":"https:\/\/sonuncuento.com\/?page_id=11873"},"modified":"2026-04-16T16:41:09","modified_gmt":"2026-04-16T16:41:09","slug":"la-luna-perdio-su-arete","status":"publish","type":"page","link":"https:\/\/sonuncuento.com\/en\/la-luna-perdio-su-arete\/","title":{"rendered":"The moon has lost her earring"},"content":{"rendered":"<div data-elementor-type=\"wp-page\" data-elementor-id=\"11873\" class=\"elementor elementor-11873\">\n\t\t\t\t\t\t<section class=\"elementor-section elementor-top-section elementor-element elementor-element-4034c84 elementor-section-boxed elementor-section-height-default elementor-section-height-default\" data-id=\"4034c84\" data-element_type=\"section\" data-e-type=\"section\">\n\t\t\t\t\t\t<div class=\"elementor-container elementor-column-gap-default\">\n\t\t\t\t\t<div class=\"elementor-column elementor-col-33 elementor-top-column elementor-element elementor-element-1fc6d01\" data-id=\"1fc6d01\" data-element_type=\"column\" data-e-type=\"column\">\n\t\t\t<div class=\"elementor-widget-wrap\">\n\t\t\t\t\t\t\t<\/div>\n\t\t<\/div>\n\t\t\t\t<div class=\"elementor-column elementor-col-33 elementor-top-column elementor-element elementor-element-8cbdaae\" data-id=\"8cbdaae\" data-element_type=\"column\" data-e-type=\"column\">\n\t\t\t<div class=\"elementor-widget-wrap elementor-element-populated\">\n\t\t\t\t\t\t<div class=\"elementor-element elementor-element-3204ee4 elementor-widget elementor-widget-image\" data-id=\"3204ee4\" data-element_type=\"widget\" data-e-type=\"widget\" data-widget_type=\"image.default\">\n\t\t\t\t<div class=\"elementor-widget-container\">\n\t\t\t\t\t\t\t\t\t\t\t\t\t\t\t<img fetchpriority=\"high\" decoding=\"async\" width=\"530\" height=\"574\" src=\"https:\/\/sonuncuento.com\/wp-content\/uploads\/2025\/03\/Asset-4.png\" class=\"attachment-large size-large wp-image-15612\" alt=\"\" srcset=\"https:\/\/sonuncuento.com\/wp-content\/uploads\/2025\/03\/Asset-4.png 530w, https:\/\/sonuncuento.com\/wp-content\/uploads\/2025\/03\/Asset-4-90x97.png 90w\" sizes=\"(max-width: 530px) 100vw, 530px\" \/>\t\t\t\t\t\t\t\t\t\t\t\t\t\t\t<\/div>\n\t\t\t\t<\/div>\n\t\t\t\t<div class=\"elementor-element elementor-element-308e039 elementor-widget elementor-widget-heading\" data-id=\"308e039\" data-element_type=\"widget\" data-e-type=\"widget\" data-widget_type=\"heading.default\">\n\t\t\t\t<div class=\"elementor-widget-container\">\n\t\t\t\t\t<h1 class=\"elementor-heading-title elementor-size-default\">La Luna Perdi\u00f3 su Arete<\/h1>\t\t\t\t<\/div>\n\t\t\t\t<\/div>\n\t\t\t\t<section class=\"elementor-section elementor-inner-section elementor-element elementor-element-d1dfe57 elementor-section-boxed elementor-section-height-default elementor-section-height-default\" data-id=\"d1dfe57\" data-element_type=\"section\" data-e-type=\"section\">\n\t\t\t\t\t\t<div class=\"elementor-container elementor-column-gap-default\">\n\t\t\t\t\t<div class=\"elementor-column elementor-col-100 elementor-inner-column elementor-element elementor-element-b2dc0e9\" data-id=\"b2dc0e9\" data-element_type=\"column\" data-e-type=\"column\">\n\t\t\t<div class=\"elementor-widget-wrap elementor-element-populated\">\n\t\t\t\t\t\t<div class=\"elementor-element elementor-element-c004cff elementor-widget elementor-widget-wp-widget-media_audio\" data-id=\"c004cff\" data-element_type=\"widget\" data-e-type=\"widget\" data-widget_type=\"wp-widget-media_audio.default\">\n\t\t\t\t<div class=\"elementor-widget-container\">\n\t\t\t\t\t<audio class=\"wp-audio-shortcode\" id=\"audio-11873-1\" preload=\"none\" style=\"width: 100%;\" controls=\"controls\"><source type=\"audio\/mpeg\" src=\"https:\/\/sonuncuento.com\/wp-content\/uploads\/2026\/01\/07_La_Luna_Perdio_su_arete.mp3?_=1\" \/><source type=\"audio\/mpeg\" src=\"https:\/\/sonuncuento.com\/wp-content\/uploads\/2026\/01\/07_La_Luna_Perdio_su_arete.mp3?_=1\" \/><a href=\"https:\/\/sonuncuento.com\/wp-content\/uploads\/2026\/01\/07_La_Luna_Perdio_su_arete.mp3\">https:\/\/sonuncuento.com\/wp-content\/uploads\/2026\/01\/07_La_Luna_Perdio_su_arete.mp3<\/a><\/audio>\t\t\t\t<\/div>\n\t\t\t\t<\/div>\n\t\t\t\t<div class=\"elementor-element elementor-element-dec75e9 elementor-drop-cap-yes elementor-drop-cap-view-default elementor-widget elementor-widget-text-editor\" data-id=\"dec75e9\" data-element_type=\"widget\" data-e-type=\"widget\" data-settings=\"{&quot;drop_cap&quot;:&quot;yes&quot;}\" data-widget_type=\"text-editor.default\">\n\t\t\t\t<div class=\"elementor-widget-container\">\n\t\t\t\t\t\t\t\t\t<p>The moon has lost her earring<br \/>And can\u2019t find it anywhere,<br \/>The night is very dark now<br \/>She knows she will need some help.<\/p><p>\u00a1Oh! How sad I can see the moon now,<br \/>because she isn\u2019t going to shine,<br \/>she has lost her diamond earring<br \/>now she\u2019ll never be so bright.<\/p><p>She goes to her friend the sun,<br \/>Seeking for light and help.<\/p><p>The sun says: \u201cIt\u2019s pretty early, my darling<br \/>You really will have to wait\u201d.<\/p><p>The moon is very sad now<br \/>And starts crying with a frown.<br \/>One-tear drops down, then another,<br \/>This rain will not stop right now.<br \/>One-tear drops down, then another,<br \/>This rain will not stop right now,<br \/>It won\u2019t stop at least for now.<\/p><p>Every drop builds up a cascade<br \/>That the earring finds on its way,<br \/>And it reaches with such strength<br \/>That it crashes right into earth;<br \/>Breaking in a thousand pieces<br \/>That fly and fly away<br \/>And end up right on the sky.<\/p><p>It is said, that every broken piece is a star now<br \/>That keeps the moon feeling bright and happy,<br \/>And the night is not so dark anymore,<br \/>And her earring she won\u2019t miss again,<br \/>And forever she will shine.<\/p><p>And forever she will shine.<\/p>\t\t\t\t\t\t\t\t<\/div>\n\t\t\t\t<\/div>\n\t\t\t\t<div class=\"elementor-element elementor-element-27b50af elementor-widget elementor-widget-text-editor\" data-id=\"27b50af\" data-element_type=\"widget\" data-e-type=\"widget\" data-widget_type=\"text-editor.default\">\n\t\t\t\t<div class=\"elementor-widget-container\">\n\t\t\t\t\t\t\t\t\t<p>Author: Karen Loewy<\/p><p>Music: Karen Loewy, Hitayosara Ojeda, Alejandro G\u00f3mez Garz\u00f3n, Juan Carlos Padilla<\/p>\t\t\t\t\t\t\t\t<\/div>\n\t\t\t\t<\/div>\n\t\t\t\t\t<\/div>\n\t\t<\/div>\n\t\t\t\t\t<\/div>\n\t\t<\/section>\n\t\t\t\t<div class=\"elementor-element elementor-element-fd5c14d elementor-widget-divider--view-line elementor-widget elementor-widget-divider\" data-id=\"fd5c14d\" data-element_type=\"widget\" data-e-type=\"widget\" data-widget_type=\"divider.default\">\n\t\t\t\t<div class=\"elementor-widget-container\">\n\t\t\t\t\t\t\t<div class=\"elementor-divider\">\n\t\t\t<span class=\"elementor-divider-separator\">\n\t\t\t\t\t\t<\/span>\n\t\t<\/div>\n\t\t\t\t\t\t<\/div>\n\t\t\t\t<\/div>\n\t\t\t\t\t<\/div>\n\t\t<\/div>\n\t\t\t\t<div class=\"elementor-column elementor-col-33 elementor-top-column elementor-element elementor-element-4aa7980\" data-id=\"4aa7980\" data-element_type=\"column\" data-e-type=\"column\">\n\t\t\t<div class=\"elementor-widget-wrap\">\n\t\t\t\t\t\t\t<\/div>\n\t\t<\/div>\n\t\t\t\t\t<\/div>\n\t\t<\/section>\n\t\t\t\t<section class=\"elementor-section elementor-top-section elementor-element elementor-element-5cab301 elementor-section-boxed elementor-section-height-default elementor-section-height-default\" data-id=\"5cab301\" data-element_type=\"section\" data-e-type=\"section\" id=\"inglesluna\">\n\t\t\t\t\t\t<div class=\"elementor-container elementor-column-gap-default\">\n\t\t\t\t\t<div class=\"elementor-column elementor-col-33 elementor-top-column elementor-element elementor-element-b222577\" data-id=\"b222577\" data-element_type=\"column\" data-e-type=\"column\">\n\t\t\t<div class=\"elementor-widget-wrap\">\n\t\t\t\t\t\t\t<\/div>\n\t\t<\/div>\n\t\t\t\t<div class=\"elementor-column elementor-col-33 elementor-top-column elementor-element elementor-element-bb42803\" data-id=\"bb42803\" data-element_type=\"column\" data-e-type=\"column\">\n\t\t\t<div class=\"elementor-widget-wrap elementor-element-populated\">\n\t\t\t\t\t\t<div class=\"elementor-element elementor-element-37d483c elementor-widget elementor-widget-image\" data-id=\"37d483c\" data-element_type=\"widget\" data-e-type=\"widget\" data-widget_type=\"image.default\">\n\t\t\t\t<div class=\"elementor-widget-container\">\n\t\t\t\t\t\t\t\t\t\t\t\t\t\t\t<img fetchpriority=\"high\" decoding=\"async\" width=\"530\" height=\"574\" src=\"https:\/\/sonuncuento.com\/wp-content\/uploads\/2025\/03\/Asset-4.png\" class=\"attachment-large size-large wp-image-15612\" alt=\"\" srcset=\"https:\/\/sonuncuento.com\/wp-content\/uploads\/2025\/03\/Asset-4.png 530w, https:\/\/sonuncuento.com\/wp-content\/uploads\/2025\/03\/Asset-4-90x97.png 90w\" sizes=\"(max-width: 530px) 100vw, 530px\" \/>\t\t\t\t\t\t\t\t\t\t\t\t\t\t\t<\/div>\n\t\t\t\t<\/div>\n\t\t\t\t<div class=\"elementor-element elementor-element-6bff0da elementor-widget elementor-widget-heading\" data-id=\"6bff0da\" data-element_type=\"widget\" data-e-type=\"widget\" data-widget_type=\"heading.default\">\n\t\t\t\t<div class=\"elementor-widget-container\">\n\t\t\t\t\t<h1 class=\"elementor-heading-title elementor-size-default\">THE MOON LOST HER EARRING<\/h1>\t\t\t\t<\/div>\n\t\t\t\t<\/div>\n\t\t\t\t<section class=\"elementor-section elementor-inner-section elementor-element elementor-element-f3e6be8 elementor-section-boxed elementor-section-height-default elementor-section-height-default\" data-id=\"f3e6be8\" data-element_type=\"section\" data-e-type=\"section\">\n\t\t\t\t\t\t<div class=\"elementor-container elementor-column-gap-default\">\n\t\t\t\t\t<div class=\"elementor-column elementor-col-100 elementor-inner-column elementor-element elementor-element-ecf3a13\" data-id=\"ecf3a13\" data-element_type=\"column\" data-e-type=\"column\">\n\t\t\t<div class=\"elementor-widget-wrap elementor-element-populated\">\n\t\t\t\t\t\t<div class=\"elementor-element elementor-element-b0aa26f elementor-hidden-desktop elementor-hidden-tablet elementor-hidden-mobile elementor-widget elementor-widget-wp-widget-media_audio\" data-id=\"b0aa26f\" data-element_type=\"widget\" data-e-type=\"widget\" data-widget_type=\"wp-widget-media_audio.default\">\n\t\t\t\t<div class=\"elementor-widget-container\">\n\t\t\t\t\t<style>.elementor-element-b0aa26f{display:none !important}<\/style>\t\t\t\t<\/div>\n\t\t\t\t<\/div>\n\t\t\t\t<div class=\"elementor-element elementor-element-a21a29f elementor-drop-cap-yes elementor-drop-cap-view-default elementor-widget elementor-widget-text-editor\" data-id=\"a21a29f\" data-element_type=\"widget\" data-e-type=\"widget\" data-settings=\"{&quot;drop_cap&quot;:&quot;yes&quot;}\" data-widget_type=\"text-editor.default\">\n\t\t\t\t<div class=\"elementor-widget-container\">\n\t\t\t\t\t\t\t\t\t<p>The moon has lost her earring<\/p><p>And can\u2019t<b> <\/b>find it anywhere.<\/p><p>The night is very dark now.<\/p><p>She knows she will need some help.<\/p><p>Oh! How sad the moon appears<\/p><p>She knows she will have no shine.<\/p><p>She has lost her diamond earring.<\/p><p>Now she\u2019ll never be as bright.<\/p><p>She goes to her friend, the sun<\/p><p>Seeking for light and help.<\/p><p>The sun says<span class=\"Apple-converted-space\">\u00a0<\/span><\/p><p>\u201cIt\u2019s pretty early, my darling.<\/p><p>You really have to wait\u201d.<\/p><p>The moon is very sad now.<\/p><p>She starts crying with a frown.<\/p><p>One-tear drops, then another.<\/p><p>The rain will not stop right now.<\/p><p>One-tear drops, then another.<\/p><p>A river is sweeping now.<\/p><p>It\u2019s pouring down from the sky.<\/p><p>The river came strongly flowing.<\/p><p>And caught the earring as it fell.<\/p><p>Smashing it into pieces<span class=\"Apple-converted-space\">\u00a0<\/span><\/p><p>With all its strength and might.<\/p><p>It broke to million pieces<\/p><p>That flew up to the sky.<\/p><p>That flew up to the sky.<\/p><p>They say that every broken piece is a star now<\/p><p>That lights up the sky for the moon.<\/p><p>So she never misses her diamond,<\/p><p>And she shines as if she had it too.<\/p><p>Stars forever make her shine.<\/p><p>She will always shine as bright.<\/p>\t\t\t\t\t\t\t\t<\/div>\n\t\t\t\t<\/div>\n\t\t\t\t<div class=\"elementor-element elementor-element-7ae596b elementor-widget elementor-widget-text-editor\" data-id=\"7ae596b\" data-element_type=\"widget\" data-e-type=\"widget\" data-widget_type=\"text-editor.default\">\n\t\t\t\t<div class=\"elementor-widget-container\">\n\t\t\t\t\t\t\t\t\t<p>Author: Karen Loewy<\/p><p>Music: Karen Loewy, Hitayosara Ojeda, Alejandro G\u00f3mez Garz\u00f3n, Juan Carlos Padilla<\/p>\t\t\t\t\t\t\t\t<\/div>\n\t\t\t\t<\/div>\n\t\t\t\t\t<\/div>\n\t\t<\/div>\n\t\t\t\t\t<\/div>\n\t\t<\/section>\n\t\t\t\t<div class=\"elementor-element elementor-element-d659385 elementor-widget-divider--view-line elementor-widget elementor-widget-divider\" data-id=\"d659385\" data-element_type=\"widget\" data-e-type=\"widget\" data-widget_type=\"divider.default\">\n\t\t\t\t<div class=\"elementor-widget-container\">\n\t\t\t\t\t\t\t<div class=\"elementor-divider\">\n\t\t\t<span class=\"elementor-divider-separator\">\n\t\t\t\t\t\t<\/span>\n\t\t<\/div>\n\t\t\t\t\t\t<\/div>\n\t\t\t\t<\/div>\n\t\t\t\t\t<\/div>\n\t\t<\/div>\n\t\t\t\t<div class=\"elementor-column elementor-col-33 elementor-top-column elementor-element elementor-element-fe73d16\" data-id=\"fe73d16\" data-element_type=\"column\" data-e-type=\"column\">\n\t\t\t<div class=\"elementor-widget-wrap\">\n\t\t\t\t\t\t\t<\/div>\n\t\t<\/div>\n\t\t\t\t\t<\/div>\n\t\t<\/section>\n\t\t\t\t<\/div>","protected":false},"excerpt":{"rendered":"<p>La Luna Perdi\u00f3 su Arete La luna perdi\u00f3 su areteY no lo puede encontrar,La noche est\u00e1 muy oscuraY lo quiere ir a buscar. \u00a1Ay! Que triste est\u00e1 la luna,porqu\u00e9 ya<\/p>","protected":false},"author":1,"featured_media":0,"parent":0,"menu_order":0,"comment_status":"closed","ping_status":"closed","template":"","meta":{"footnotes":""},"class_list":["post-11873","page","type-page","status-publish","hentry"],"_links":{"self":[{"href":"https:\/\/sonuncuento.com\/en\/wp-json\/wp\/v2\/pages\/11873","targetHints":{"allow":["GET"]}}],"collection":[{"href":"https:\/\/sonuncuento.com\/en\/wp-json\/wp\/v2\/pages"}],"about":[{"href":"https:\/\/sonuncuento.com\/en\/wp-json\/wp\/v2\/types\/page"}],"author":[{"embeddable":true,"href":"https:\/\/sonuncuento.com\/en\/wp-json\/wp\/v2\/users\/1"}],"replies":[{"embeddable":true,"href":"https:\/\/sonuncuento.com\/en\/wp-json\/wp\/v2\/comments?post=11873"}],"version-history":[{"count":55,"href":"https:\/\/sonuncuento.com\/en\/wp-json\/wp\/v2\/pages\/11873\/revisions"}],"predecessor-version":[{"id":21702,"href":"https:\/\/sonuncuento.com\/en\/wp-json\/wp\/v2\/pages\/11873\/revisions\/21702"}],"wp:attachment":[{"href":"https:\/\/sonuncuento.com\/en\/wp-json\/wp\/v2\/media?parent=11873"}],"curies":[{"name":"wp","href":"https:\/\/api.w.org\/{rel}","templated":true}]}}