{"id":20718,"date":"2026-02-25T21:29:19","date_gmt":"2026-02-25T21:29:19","guid":{"rendered":"https:\/\/sonuncuento.com\/?page_id=20718"},"modified":"2026-02-27T12:20:37","modified_gmt":"2026-02-27T12:20:37","slug":"portal-distribuidores","status":"publish","type":"page","link":"https:\/\/sonuncuento.com\/en\/portal-distribuidores\/","title":{"rendered":"Portal Distribuidores"},"content":{"rendered":"<div data-elementor-type=\"wp-page\" data-elementor-id=\"20718\" class=\"elementor elementor-20718\">\n\t\t\t\t\t\t<section class=\"elementor-section elementor-top-section elementor-element elementor-element-a5d4c4b elementor-section-boxed elementor-section-height-default elementor-section-height-default\" data-id=\"a5d4c4b\" data-element_type=\"section\" data-e-type=\"section\">\n\t\t\t\t\t\t<div class=\"elementor-container elementor-column-gap-default\">\n\t\t\t\t\t<div class=\"elementor-column elementor-col-100 elementor-top-column elementor-element elementor-element-9c0412b\" data-id=\"9c0412b\" data-element_type=\"column\" data-e-type=\"column\">\n\t\t\t<div class=\"elementor-widget-wrap elementor-element-populated\">\n\t\t\t\t\t\t<div class=\"elementor-element elementor-element-2d7654d pls-slides-dots-position-center elementor-widget elementor-widget-pls-home-slides\" data-id=\"2d7654d\" data-element_type=\"widget\" data-e-type=\"widget\" data-widget_type=\"pls-home-slides.default\">\n\t\t\t\t<div class=\"elementor-widget-container\">\n\t\t\t\t\t<div id=\"pls-home-slides-8777\" class=\"pls-element pls-home-slides pls-slider swiper pls-hs-fullwidth\">\n\t<div class=\"swiper-wrapper\" data-slider_options=\"{&quot;slider_loop&quot;:true,&quot;slider_autoplay&quot;:true,&quot;slider_autoplay_delay&quot;:10000,&quot;slider_autoplay_speed&quot;:2000,&quot;slider_pause_on_hover&quot;:true,&quot;slider_rewind&quot;:false,&quot;slider_autoHeigh&quot;:false,&quot;slider_touchDrag&quot;:true,&quot;slider_touchDrag_mobile&quot;:true,&quot;slider_navigation&quot;:false,&quot;slider_pagination&quot;:true,&quot;slider_scrollbar&quot;:false,&quot;slider_centered&quot;:false,&quot;slider_effect&quot;:&quot;fade&quot;,&quot;slider_spaceBetween&quot;:0,&quot;slides_to_show&quot;:1,&quot;slides_to_show_tablet&quot;:1,&quot;slides_to_show_mobile&quot;:1,&quot;slides_to_scroll&quot;:1}\" >\n\t\t\t\t\t\n\t\t\t<div class=\"pls-slide swiper-slide elementor-repeater-item-9c15286\" >\n\t\t\t\t<div class=\"pls-slide-background\" role=\"img\"><\/div>\n\t\t\t\t\t\t\t\t<div class=\"pls-container pls-slide-inner\">\n\t\t\t\t\t\t\t\t\t\t\t<div class=\"pls-slide-content plsInUp plsAnimated\">\n\t\t\t\t\t\t\t<div class=\"pls-slide-content-top\">\n\t\t\t\t\t\t\t\t\t\t\t\t\t\t\t\t\t<div class=\"pls-slide-subtitle pls-subtitle-default\">\n\t\t\t\t\t\t\t\t\t\t<span>Portal de Distribuidores<\/span>\n\t\t\t\t\t\t\t\t\t<\/div>\n\t\t\t\t\t\t\t\t\t\t\t\t\t\t\t\t\t<div class=\"pls-slide-title\">\n\t\t\t\t\t\t\t\t\t\t<h2> Wholesale<\/h2>\n\t\t\t\t\t\t\t\t\t<\/div>\t\t\t\t\n\t\t\t\t\t\t\t\t\t\t\t\t\t\t\t\t\t<div class=\"pls-slide-description\">\n\t\t\t\t\t\t\t\t\t\tBienvenido al espacio donde dise\u00f1o y <br>narrativa se encuentran para crecer juntos.\t\t\t\t\t\t\t\t\t<\/div>\n\t\t\t\t\t\t\t\t\t\t\t\t\t\t\t<\/div>\n\t\t\t\t\t\t\t\t\t\t\t\t\t\t\t<div class=\"pls-slide-content-bottom\">\n\t\t\t\t\t\t\t\t\t<div class=\"pls-slide-button pls-button\">\n\t\t\t\t\t\t\t\t\t\t<a href=\"mailto:hola@sonuncuento.com\" target=\"_self\" class=\"button btn-style-flat\">Cont\u00e1ctanos<\/a>\n\t\t\t\t\t\t\t\t\t<\/div>\n\t\t\t\t\t\t\t\t<\/div>\n\t\t\t\t\t\t\t\t\t\t\t\t\t<\/div>\n\t\t\t\t\t\t\t\t\t\t\t\t\t\t<\/div>\n\t\t\t<\/div>\n\t\t\t<\/div>\n<\/div>\t\t\t\t<\/div>\n\t\t\t\t<\/div>\n\t\t\t\t<div class=\"elementor-element elementor-element-82a21c5 elementor-widget elementor-widget-pls-marquee\" data-id=\"82a21c5\" data-element_type=\"widget\" data-e-type=\"widget\" data-widget_type=\"pls-marquee.default\">\n\t\t\t\t<div class=\"elementor-widget-container\">\n\t\t\t\t\t<div id=\"pls-marquee-36127\" class=\"pls-element pls-marquee pls-marquee-hover-paused\">\n\t<div class=\"pls-marquee-items\">\n\t\t\t\t\t<div class=\"pls-marquee-item\">\n\t\t\t\t\t\t\t\t<span class=\"pls-marquee-item-text\">Ventas AL POR MAYOR<\/span>\n\t\t\t\t\t\t\t<\/div>\n\t\t\t<div class=\"pls-marquee-item-icon\"><i aria-hidden=\"true\" class=\"picon-energy\"><\/i><\/div>\t\t\t\t\t<div class=\"pls-marquee-item\">\n\t\t\t\t\t\t\t\t<span class=\"pls-marquee-item-text\">Producto interactivo<\/span>\n\t\t\t\t\t\t\t<\/div>\n\t\t\t<div class=\"pls-marquee-item-icon\"><i aria-hidden=\"true\" class=\"picon-energy\"><\/i><\/div>\t\t\t\t\t<div class=\"pls-marquee-item\">\n\t\t\t\t\t\t\t\t<span class=\"pls-marquee-item-text\">Socialmente responsable<\/span>\n\t\t\t\t\t\t\t<\/div>\n\t\t\t<div class=\"pls-marquee-item-icon\"><i aria-hidden=\"true\" class=\"picon-energy\"><\/i><\/div>\t\t\t\t\t<div class=\"pls-marquee-item\">\n\t\t\t\t\t\t\t\t<span class=\"pls-marquee-item-text\">Producci\u00f3n \u00e9tica<\/span>\n\t\t\t\t\t\t\t<\/div>\n\t\t\t<div class=\"pls-marquee-item-icon\"><i aria-hidden=\"true\" class=\"picon-energy\"><\/i><\/div>\t\t\t\t\t<div class=\"pls-marquee-item\">\n\t\t\t\t\t\t\t\t<span class=\"pls-marquee-item-text\">Rendimiento comprobado<\/span>\n\t\t\t\t\t\t\t<\/div>\n\t\t\t<div class=\"pls-marquee-item-icon\"><i aria-hidden=\"true\" class=\"picon-energy\"><\/i><\/div>\t\t\t<\/div>\n\t\n\t<!-- Duplicate for Repeater -->\n\t<div class=\"pls-marquee-items\" aria-hidden=\"true\">\n\t\t\t\t\t<div class=\"pls-marquee-item\">\n\t\t\t\t\t\t\t\t<span class=\"pls-marquee-item-text\">Ventas AL POR MAYOR<\/span>\n\t\t\t\t\t\t\t<\/div>\n\t\t\t<div class=\"pls-marquee-item-icon\"><i aria-hidden=\"true\" class=\"picon-energy\"><\/i><\/div>\t\t\t\t\t<div class=\"pls-marquee-item\">\n\t\t\t\t\t\t\t\t<span class=\"pls-marquee-item-text\">Producto interactivo<\/span>\n\t\t\t\t\t\t\t<\/div>\n\t\t\t<div class=\"pls-marquee-item-icon\"><i aria-hidden=\"true\" class=\"picon-energy\"><\/i><\/div>\t\t\t\t\t<div class=\"pls-marquee-item\">\n\t\t\t\t\t\t\t\t<span class=\"pls-marquee-item-text\">Socialmente responsable<\/span>\n\t\t\t\t\t\t\t<\/div>\n\t\t\t<div class=\"pls-marquee-item-icon\"><i aria-hidden=\"true\" class=\"picon-energy\"><\/i><\/div>\t\t\t\t\t<div class=\"pls-marquee-item\">\n\t\t\t\t\t\t\t\t<span class=\"pls-marquee-item-text\">Producci\u00f3n \u00e9tica<\/span>\n\t\t\t\t\t\t\t<\/div>\n\t\t\t<div class=\"pls-marquee-item-icon\"><i aria-hidden=\"true\" class=\"picon-energy\"><\/i><\/div>\t\t\t\t\t<div class=\"pls-marquee-item\">\n\t\t\t\t\t\t\t\t<span class=\"pls-marquee-item-text\">Rendimiento comprobado<\/span>\n\t\t\t\t\t\t\t<\/div>\n\t\t\t<div class=\"pls-marquee-item-icon\"><i aria-hidden=\"true\" class=\"picon-energy\"><\/i><\/div>\t\t\t<\/div>\n<\/div>\t\t\t\t<\/div>\n\t\t\t\t<\/div>\n\t\t\t\t\t<\/div>\n\t\t<\/div>\n\t\t\t\t\t<\/div>\n\t\t<\/section>\n\t\t\t\t<section class=\"elementor-section elementor-top-section elementor-element elementor-element-fb08d66 elementor-section-boxed elementor-section-height-default elementor-section-height-default\" data-id=\"fb08d66\" data-element_type=\"section\" data-e-type=\"section\">\n\t\t\t\t\t\t<div class=\"elementor-container elementor-column-gap-default\">\n\t\t\t\t\t<div class=\"elementor-column elementor-col-100 elementor-top-column elementor-element elementor-element-3343597\" data-id=\"3343597\" data-element_type=\"column\" data-e-type=\"column\">\n\t\t\t<div class=\"elementor-widget-wrap elementor-element-populated\">\n\t\t\t\t\t\t<div class=\"elementor-element elementor-element-23dd321 elementor-widget elementor-widget-pls-heading\" data-id=\"23dd321\" data-element_type=\"widget\" data-e-type=\"widget\" data-widget_type=\"pls-heading.default\">\n\t\t\t\t<div class=\"elementor-widget-container\">\n\t\t\t\t\t<div id=\"pls-header-21257\" class=\"pls-element pls-heading pls-text-center\">\t\n\t\t\t\n\t\t\t<div class=\"heading-wrap\">\n\t\t\t<h2 class=\"heading-title\">Tiempo de Jugar, so\u00f1ar y sonre\u00edr!\n<\/h2>\t\t<\/div>\n\t\t\n    \t\t<div class=\"heading-tagline\"> Nuestra l\u00ednea mayorista est\u00e1 pensada para boutiques infantiles, concept stores y espacios que buscan diferenciarse con productos de alto valor emocional y visual. <\/div>\n\t<\/div>\t\t\t\t<\/div>\n\t\t\t\t<\/div>\n\t\t\t\t<div class=\"elementor-element elementor-element-c63adb7 elementor-widget elementor-widget-shortcode\" data-id=\"c63adb7\" data-element_type=\"widget\" data-e-type=\"widget\" data-widget_type=\"shortcode.default\">\n\t\t\t\t<div class=\"elementor-widget-container\">\n\t\t\t\t\t\t\t<div class=\"elementor-shortcode\"><div class=\"woocommerce columns-3\"><\/div><\/div>\n\t\t\t\t\t\t<\/div>\n\t\t\t\t<\/div>\n\t\t\t\t<div class=\"elementor-element elementor-element-3f575df elementor-widget elementor-widget-pls-products-grid-slider\" data-id=\"3f575df\" data-element_type=\"widget\" data-e-type=\"widget\" data-widget_type=\"pls-products-grid-slider.default\">\n\t\t\t\t<div class=\"elementor-widget-container\">\n\t\t\t\t\t<div id=\"pls-products-grid-slider-16574\" class=\"pls-element pls-products-grid-slider woocommerce\">\n\t\t\n\t\t<div class=\"products products-wrap product-style-1 row grid-view grid-col-xl-3 grid-col-lg-3 grid-col-md-3 grid-col-2\">\n\n\t<\/div>\n\t\n<\/div>\t\t\t\t<\/div>\n\t\t\t\t<\/div>\n\t\t\t\t\t<\/div>\n\t\t<\/div>\n\t\t\t\t\t<\/div>\n\t\t<\/section>\n\t\t\t\t<section class=\"elementor-section elementor-top-section elementor-element elementor-element-2105456 elementor-section-boxed elementor-section-height-default elementor-section-height-default\" data-id=\"2105456\" data-element_type=\"section\" data-e-type=\"section\">\n\t\t\t\t\t\t<div class=\"elementor-container elementor-column-gap-default\">\n\t\t\t\t\t<div class=\"elementor-column elementor-col-100 elementor-top-column elementor-element elementor-element-a4221c6\" data-id=\"a4221c6\" data-element_type=\"column\" data-e-type=\"column\">\n\t\t\t<div class=\"elementor-widget-wrap elementor-element-populated\">\n\t\t\t\t\t\t<div class=\"elementor-element elementor-element-c9254a5 elementor-widget elementor-widget-pls-heading\" data-id=\"c9254a5\" data-element_type=\"widget\" data-e-type=\"widget\" data-widget_type=\"pls-heading.default\">\n\t\t\t\t<div class=\"elementor-widget-container\">\n\t\t\t\t\t<div id=\"pls-header-63684\" class=\"pls-element pls-heading pls-text-center\">\t\n\t\t\t<div class=\"heading-subtitle\"> Empaques dise\u00f1ados para potenciar la experiencia narrativa <\/div>\n\t\t\t\n\t\t\t<div class=\"heading-wrap\">\n\t\t\t<h2 class=\"heading-title\">Empaques que cuentan la historia\n<\/h2>\t\t<\/div>\n\t\t\n    \t\t<div class=\"heading-tagline\"> Descubre las opciones de empaque disponibles para tu tienda. Nuestras opciones \u2014caja libro magn\u00e9tica, caja plegable y bolsa de tela\u2014 est\u00e1n dise\u00f1adas para elevar la presentaci\u00f3n en tienda, fortalecer el valor percibido y potenciar el storytelling en el punto de venta.  <\/div>\n\t<\/div>\t\t\t\t<\/div>\n\t\t\t\t<\/div>\n\t\t\t\t<div class=\"elementor-element elementor-element-76e190a elementor-widget elementor-widget-pls-products-grid-slider\" data-id=\"76e190a\" data-element_type=\"widget\" data-e-type=\"widget\" data-widget_type=\"pls-products-grid-slider.default\">\n\t\t\t\t<div class=\"elementor-widget-container\">\n\t\t\t\t\t<div id=\"pls-products-grid-slider-2584\" class=\"pls-element pls-products-grid-slider woocommerce\">\n\t\t\n\t\t<div class=\"products products-wrap product-style-1 row grid-view grid-col-xl-3 grid-col-lg-3 grid-col-md-3 grid-col-2\">\n\n\t<\/div>\n\t\n<\/div>\t\t\t\t<\/div>\n\t\t\t\t<\/div>\n\t\t\t\t\t<\/div>\n\t\t<\/div>\n\t\t\t\t\t<\/div>\n\t\t<\/section>\n\t\t\t\t<section class=\"elementor-section elementor-top-section elementor-element elementor-element-fd871cd elementor-section-boxed elementor-section-height-default elementor-section-height-default\" data-id=\"fd871cd\" data-element_type=\"section\" data-e-type=\"section\">\n\t\t\t\t\t\t<div class=\"elementor-container elementor-column-gap-default\">\n\t\t\t\t\t<div class=\"elementor-column elementor-col-100 elementor-top-column elementor-element elementor-element-c576b00\" data-id=\"c576b00\" data-element_type=\"column\" data-e-type=\"column\">\n\t\t\t<div class=\"elementor-widget-wrap elementor-element-populated\">\n\t\t\t\t\t\t<div class=\"elementor-element elementor-element-3a6b6d0 pls-slides-dots-position-center elementor-widget elementor-widget-pls-home-slides\" data-id=\"3a6b6d0\" data-element_type=\"widget\" data-e-type=\"widget\" data-widget_type=\"pls-home-slides.default\">\n\t\t\t\t<div class=\"elementor-widget-container\">\n\t\t\t\t\t<div id=\"pls-home-slides-79417\" class=\"pls-element pls-home-slides pls-slider swiper pls-hs-fullwidth\">\n\t<div class=\"swiper-wrapper\" data-slider_options=\"{&quot;slider_loop&quot;:true,&quot;slider_autoplay&quot;:true,&quot;slider_autoplay_delay&quot;:10000,&quot;slider_autoplay_speed&quot;:2000,&quot;slider_pause_on_hover&quot;:true,&quot;slider_rewind&quot;:false,&quot;slider_autoHeigh&quot;:false,&quot;slider_touchDrag&quot;:true,&quot;slider_touchDrag_mobile&quot;:true,&quot;slider_navigation&quot;:false,&quot;slider_pagination&quot;:true,&quot;slider_scrollbar&quot;:false,&quot;slider_centered&quot;:false,&quot;slider_effect&quot;:&quot;fade&quot;,&quot;slider_spaceBetween&quot;:0,&quot;slides_to_show&quot;:1,&quot;slides_to_show_tablet&quot;:1,&quot;slides_to_show_mobile&quot;:1,&quot;slides_to_scroll&quot;:1}\" >\n\t\t\t\t\t\n\t\t\t<div class=\"pls-slide swiper-slide elementor-repeater-item-2886e05\" >\n\t\t\t\t<div class=\"pls-slide-background\" role=\"img\"><\/div>\n\t\t\t\t\t\t\t\t<div class=\"pls-container pls-slide-inner\">\n\t\t\t\t\t\t\t\t\t\t\t<div class=\"pls-slide-content plsInUp plsAnimated\">\n\t\t\t\t\t\t\t<div class=\"pls-slide-content-top\">\n\t\t\t\t\t\t\t\t\t\t\t\t\t\t\t\t\t<div class=\"pls-slide-subtitle pls-subtitle-default\">\n\t\t\t\t\t\t\t\t\t\t<span>Lleva el Cuento a tu Tienda<\/span>\n\t\t\t\t\t\t\t\t\t<\/div>\n\t\t\t\t\t\t\t\t\t\t\t\t\t\t\t\t\t<div class=\"pls-slide-title\">\n\t\t\t\t\t\t\t\t\t\t<h2> Trade Portal<\/h2>\n\t\t\t\t\t\t\t\t\t<\/div>\t\t\t\t\n\t\t\t\t\t\t\t\t\t\t\t\t\t\t\t\t\t<div class=\"pls-slide-description\">\n\t\t\t\t\t\t\t\t\t\tSon Un Cuento es una propuesta que une ilustraci\u00f3n, narrativa y dise\u00f1o textil en piezas con prop\u00f3sito.\nCada prenda forma parte de un universo propio que conecta emocionalmente con familias que valoran el juego, la lectura y la imaginaci\u00f3n.\t\t\t\t\t\t\t\t\t<\/div>\n\t\t\t\t\t\t\t\t\t\t\t\t\t\t\t<\/div>\n\t\t\t\t\t\t\t\t\t\t\t\t\t\t\t<div class=\"pls-slide-content-bottom\">\n\t\t\t\t\t\t\t\t\t<div class=\"pls-slide-button pls-button\">\n\t\t\t\t\t\t\t\t\t\t<a href=\"mailto:hola@sonuncuento.com\" target=\"_self\" class=\"button btn-style-flat\">Cont\u00e1ctanos<\/a>\n\t\t\t\t\t\t\t\t\t<\/div>\n\t\t\t\t\t\t\t\t<\/div>\n\t\t\t\t\t\t\t\t\t\t\t\t\t<\/div>\n\t\t\t\t\t\t\t\t\t\t\t\t\t\t<\/div>\n\t\t\t<\/div>\n\t\t\t<\/div>\n<\/div>\t\t\t\t<\/div>\n\t\t\t\t<\/div>\n\t\t\t\t\t<\/div>\n\t\t<\/div>\n\t\t\t\t\t<\/div>\n\t\t<\/section>\n\t\t\t\t<\/div>","protected":false},"excerpt":{"rendered":"<p>Portal de Distribuidores Wholesale Bienvenido al espacio donde dise\u00f1o y narrativa se encuentran para crecer juntos. Cont\u00e1ctanos Ventas AL POR MAYOR Producto interactivo Socialmente responsable Producci\u00f3n \u00e9tica Rendimiento comprobado Ventas<\/p>","protected":false},"author":1,"featured_media":0,"parent":0,"menu_order":0,"comment_status":"closed","ping_status":"closed","template":"","meta":{"footnotes":""},"class_list":["post-20718","page","type-page","status-publish","hentry"],"_links":{"self":[{"href":"https:\/\/sonuncuento.com\/en\/wp-json\/wp\/v2\/pages\/20718","targetHints":{"allow":["GET"]}}],"collection":[{"href":"https:\/\/sonuncuento.com\/en\/wp-json\/wp\/v2\/pages"}],"about":[{"href":"https:\/\/sonuncuento.com\/en\/wp-json\/wp\/v2\/types\/page"}],"author":[{"embeddable":true,"href":"https:\/\/sonuncuento.com\/en\/wp-json\/wp\/v2\/users\/1"}],"replies":[{"embeddable":true,"href":"https:\/\/sonuncuento.com\/en\/wp-json\/wp\/v2\/comments?post=20718"}],"version-history":[{"count":118,"href":"https:\/\/sonuncuento.com\/en\/wp-json\/wp\/v2\/pages\/20718\/revisions"}],"predecessor-version":[{"id":20987,"href":"https:\/\/sonuncuento.com\/en\/wp-json\/wp\/v2\/pages\/20718\/revisions\/20987"}],"wp:attachment":[{"href":"https:\/\/sonuncuento.com\/en\/wp-json\/wp\/v2\/media?parent=20718"}],"curies":[{"name":"wp","href":"https:\/\/api.w.org\/{rel}","templated":true}]}}