{"id":18513,"date":"2025-11-06T20:48:44","date_gmt":"2025-11-06T20:48:44","guid":{"rendered":"https:\/\/sonuncuento.com\/?post_type=product&#038;p=18513"},"modified":"2025-11-11T15:30:19","modified_gmt":"2025-11-11T15:30:19","slug":"la-luna-perdio","status":"publish","type":"product","link":"https:\/\/sonuncuento.com\/en\/product\/la-luna-perdio\/","title":{"rendered":"Cobija La Luna Perdi\u00f3 su Arete &#8211; 100% Algod\u00f3n &#8211; Personalizable"},"content":{"rendered":"<p data-start=\"681\" data-end=\"971\">Cada <em data-start=\"285\" data-end=\"305\">Mantica para So\u00f1ar<\/em> guarda una historia m\u00e1gica. Est\u00e1n confeccionadas con materiales de alta calidad, suaves al tacto, hipoalerg\u00e9nicos y f\u00e1ciles de cuidar. M\u00e1s que una cobija, es un pedacito de historia, un regalo lleno de magia, arte y ternura.<\/p>\n<h3 data-start=\"143\" data-end=\"184\">Cuidados de tu Mantica<\/h3>\n<p data-start=\"185\" data-end=\"355\"><em data-start=\"713\" data-end=\"800\">Con estos cuidados, la muselina conservar\u00e1 su suavidad y frescura lavado tras lavado. <\/em>La muselina es una tela delicada, ligera y muy suave, perfecta para cuidar la piel de los m\u00e1s peque\u00f1os. Para mantener su textura y color, sigue estas recomendaciones:<\/p>\n<ul style=\"list-style-type: circle;\">\n<li data-start=\"359\" data-end=\"411\">Lava a m\u00e1quina con agua fr\u00eda o tibia (m\u00e1x. 30 \u00b0C).<\/li>\n<li data-start=\"414\" data-end=\"479\">Usa un jab\u00f3n suave, preferiblemente neutro o para ropa de beb\u00e9.<\/li>\n<li data-start=\"482\" data-end=\"521\">No uses blanqueadores ni suavizantes.<\/li>\n<li data-start=\"524\" data-end=\"578\">Seca al aire libre o en secadora a temperatura baja.<\/li>\n<li data-start=\"581\" data-end=\"629\">Si lo deseas, plancha con calor medio y vapor.<\/li>\n<li data-start=\"632\" data-end=\"709\">Evita el contacto con superficies \u00e1speras o velcro para prevenir enganches.<\/li>\n<\/ul>","protected":false},"excerpt":{"rendered":"<p data-start=\"207\" data-end=\"511\">Dicen que, una noche tranquila, la Luna perdi\u00f3 su arete mientras danzaba sobre el cielo.<br data-start=\"295\" data-end=\"298\" \/>Baj\u00f3 a buscarlo entre flores dormidas y encontr\u00f3, en su lugar, el brillo de un sue\u00f1o nuevo.<br data-start=\"389\" data-end=\"392\" \/>Desde entonces, cada vez que miras al cielo, ella sonr\u00ede, sabiendo que los sue\u00f1os tambi\u00e9n se encuentran en la Tierra.<\/p>\n<p data-start=\"207\" data-end=\"511\"><strong>Incluye un c\u00f3digo QR para escuchar el cuento completo y un amigo protagonista que acompa\u00f1a la aventura.\u00a0<\/strong><\/p>\n<p data-start=\"513\" data-end=\"684\">Personal\u00edzala con el nombre de tu peque\u00f1o y deja que la magia lo acompa\u00f1e en cada descanso.<br data-start=\"604\" data-end=\"607\" \/>Porque en el mundo de <em data-start=\"629\" data-end=\"654\">La Luna Perdi\u00f3 su Arete<\/em>, so\u00f1ar es volver a brillar.<\/p>\n<p data-start=\"686\" data-end=\"713\"><strong data-start=\"686\" data-end=\"698\">Medidas:<\/strong> 100 x 100 cm<\/p>\n<p data-start=\"181\" data-end=\"412\">Elaboradas en Tela Muselina <strong>100% Algod\u00f3n apto para piel sensible. <\/strong>Hechas con amor en Colombia.<\/p>","protected":false},"featured_media":18476,"template":"","meta":[],"product_brand":[],"product_cat":[173],"product_tag":[],"class_list":{"0":"post-18513","1":"product","2":"type-product","3":"status-publish","4":"has-post-thumbnail","6":"product_cat-manticas","8":"first","9":"instock","10":"taxable","11":"shipping-taxable","12":"purchasable","13":"product-type-simple"},"_links":{"self":[{"href":"https:\/\/sonuncuento.com\/en\/wp-json\/wp\/v2\/product\/18513","targetHints":{"allow":["GET"]}}],"collection":[{"href":"https:\/\/sonuncuento.com\/en\/wp-json\/wp\/v2\/product"}],"about":[{"href":"https:\/\/sonuncuento.com\/en\/wp-json\/wp\/v2\/types\/product"}],"version-history":[{"count":6,"href":"https:\/\/sonuncuento.com\/en\/wp-json\/wp\/v2\/product\/18513\/revisions"}],"predecessor-version":[{"id":18545,"href":"https:\/\/sonuncuento.com\/en\/wp-json\/wp\/v2\/product\/18513\/revisions\/18545"}],"wp:featuredmedia":[{"embeddable":true,"href":"https:\/\/sonuncuento.com\/en\/wp-json\/wp\/v2\/media\/18476"}],"wp:attachment":[{"href":"https:\/\/sonuncuento.com\/en\/wp-json\/wp\/v2\/media?parent=18513"}],"wp:term":[{"taxonomy":"product_brand","embeddable":true,"href":"https:\/\/sonuncuento.com\/en\/wp-json\/wp\/v2\/product_brand?post=18513"},{"taxonomy":"product_cat","embeddable":true,"href":"https:\/\/sonuncuento.com\/en\/wp-json\/wp\/v2\/product_cat?post=18513"},{"taxonomy":"product_tag","embeddable":true,"href":"https:\/\/sonuncuento.com\/en\/wp-json\/wp\/v2\/product_tag?post=18513"}],"curies":[{"name":"wp","href":"https:\/\/api.w.org\/{rel}","templated":true}]}}