{"id":21162,"date":"2026-04-15T15:25:26","date_gmt":"2026-04-15T15:25:26","guid":{"rendered":"https:\/\/sonuncuento.com\/?post_type=product&#038;p=21162"},"modified":"2026-04-16T18:29:16","modified_gmt":"2026-04-16T18:29:16","slug":"campanita-set-pantalon-conejos-arcoiris","status":"publish","type":"product","link":"https:\/\/sonuncuento.com\/en\/product\/campanita-set-pantalon-conejos-arcoiris\/","title":{"rendered":"Campanita Set Pantal\u00f3n Conejos Arco\u00edris"},"content":{"rendered":"<p data-start=\"0\" data-end=\"229\">El Set Pantal\u00f3n Conejos Arco\u00edris re\u00fane comodidad, movimiento y narrativa. Inspirado en el universo alegre de los Conejos, este pantal\u00f3n invita a los ni\u00f1os a explorar un mundo lleno de color, curiosidad e imaginaci\u00f3n.<\/p>\n<p data-start=\"231\" data-end=\"465\">Dise\u00f1ado con una silueta c\u00f3moda que permite libertad de movimiento, es perfecto para el juego diario. Su ajuste relajado permite correr, saltar y explorar con total libertad, manteniendo al mismo tiempo un look encantador y atemporal.<\/p>\n<p data-start=\"467\" data-end=\"747\">Este set es parte de una historia. Cada pieza incluye un c\u00f3digo QR interactivo que conecta con un cuento narrado, permitiendo que los ni\u00f1os y sus familias escuchen el cuento detr\u00e1s de la colecci\u00f3n y se adentren en el mundo m\u00e1gico de los Conejos arco\u00edris.<\/p>\n<p data-start=\"749\" data-end=\"912\">Adem\u00e1s, cada prenda incluye un compa\u00f1ero inspirado en el universo de la historia, dando vida a los personajes y extendiendo el juego m\u00e1s all\u00e1 de la prenda.<\/p>\n<p data-start=\"1089\" data-end=\"1108\"><strong data-start=\"1089\" data-end=\"1108\">Caracter\u00edsticas<\/strong><\/p>\n<ul data-start=\"1110\" data-end=\"1479\">\n<li data-section-id=\"1l8tbyy\" data-start=\"1110\" data-end=\"1174\">Silueta c\u00f3moda dise\u00f1ada para el movimiento y el juego diario<\/li>\n<li data-section-id=\"f1h63d\" data-start=\"1175\" data-end=\"1231\">C\u00f3digo QR interactivo que enlaza a un cuento narrado<\/li>\n<li data-section-id=\"1s6nh9q\" data-start=\"1232\" data-end=\"1304\">Incluye un compa\u00f1ero inspirado en el universo de la historia<\/li>\n<li data-section-id=\"619i9k\" data-start=\"1305\" data-end=\"1363\">Telas suaves y resistentes, ideales para ni\u00f1os activos<\/li>\n<li data-section-id=\"1o9eny\" data-start=\"1364\" data-end=\"1429\">Dise\u00f1ado como parte de la colecci\u00f3n narrativa Rainbow Rabbits<\/li>\n<\/ul>","protected":false},"excerpt":{"rendered":"<p>Un set c\u00f3modo y l\u00fadico inspirado en el colorido mundo de los Conejos arco\u00edris. Dise\u00f1ado para las aventuras del d\u00eda a d\u00eda, combina libertad de movimiento con una narrativa llena de imaginaci\u00f3n. Cada prenda incluye un c\u00f3digo QR interactivo que conecta con un cuento narrado y viene acompa\u00f1ada de un suave mu\u00f1eco, transformando la prenda en una experiencia interactiva.<\/p>","protected":false},"featured_media":21185,"template":"","meta":[],"product_brand":[370],"product_cat":[167,384,371,53,365],"product_tag":[385,372],"class_list":{"0":"post-21162","1":"product","2":"type-product","3":"status-publish","4":"has-post-thumbnail","6":"product_brand-son-un-cuento","7":"product_cat-campanita","8":"product_cat-campanita-set-pantalon","9":"product_cat-conejos-arcoiris","10":"product_cat-ninas","11":"product_cat-son-un-cuento","12":"product_tag-bell-set-pants","13":"product_tag-rainbow-rabbits","14":"pa_fabric-dakar-100-cotton-153-gr","15":"pa_fabric-muselina-100-algodon-120-gr","17":"first","18":"instock","19":"taxable","20":"shipping-taxable","21":"purchasable","22":"product-type-variable"},"_links":{"self":[{"href":"https:\/\/sonuncuento.com\/en\/wp-json\/wp\/v2\/product\/21162","targetHints":{"allow":["GET"]}}],"collection":[{"href":"https:\/\/sonuncuento.com\/en\/wp-json\/wp\/v2\/product"}],"about":[{"href":"https:\/\/sonuncuento.com\/en\/wp-json\/wp\/v2\/types\/product"}],"version-history":[{"count":2,"href":"https:\/\/sonuncuento.com\/en\/wp-json\/wp\/v2\/product\/21162\/revisions"}],"predecessor-version":[{"id":21803,"href":"https:\/\/sonuncuento.com\/en\/wp-json\/wp\/v2\/product\/21162\/revisions\/21803"}],"wp:featuredmedia":[{"embeddable":true,"href":"https:\/\/sonuncuento.com\/en\/wp-json\/wp\/v2\/media\/21185"}],"wp:attachment":[{"href":"https:\/\/sonuncuento.com\/en\/wp-json\/wp\/v2\/media?parent=21162"}],"wp:term":[{"taxonomy":"product_brand","embeddable":true,"href":"https:\/\/sonuncuento.com\/en\/wp-json\/wp\/v2\/product_brand?post=21162"},{"taxonomy":"product_cat","embeddable":true,"href":"https:\/\/sonuncuento.com\/en\/wp-json\/wp\/v2\/product_cat?post=21162"},{"taxonomy":"product_tag","embeddable":true,"href":"https:\/\/sonuncuento.com\/en\/wp-json\/wp\/v2\/product_tag?post=21162"}],"curies":[{"name":"wp","href":"https:\/\/api.w.org\/{rel}","templated":true}]}}