{"id":21207,"date":"2026-04-15T15:25:39","date_gmt":"2026-04-15T15:25:39","guid":{"rendered":"https:\/\/sonuncuento.com\/?post_type=product&#038;p=21207"},"modified":"2026-04-15T17:12:24","modified_gmt":"2026-04-15T17:12:24","slug":"campanita-set-pantalon-jardin-secreto-de-la-reina","status":"publish","type":"product","link":"https:\/\/sonuncuento.com\/en\/product\/campanita-set-pantalon-jardin-secreto-de-la-reina\/","title":{"rendered":"Campanita Set Pantal\u00f3n Jard\u00edn Secreto de la Reina"},"content":{"rendered":"<p data-start=\"0\" data-end=\"211\">Invita a los ni\u00f1os a entrar en un jard\u00edn m\u00e1gico donde florecen las flores, las mariposas deambulan y senderos secretos conducen a nuevas historias.<\/p>\n<p data-start=\"213\" data-end=\"467\">Dise\u00f1ado con una silueta relajada que permite libertad de movimiento, este pantal\u00f3n es perfecto para correr, explorar y jugar con imaginaci\u00f3n. Su dise\u00f1o equilibra comodidad y encanto, facilitando combinarlo con blusas, su\u00e9teres o jumpers de la colecci\u00f3n.<\/p>\n<p data-start=\"469\" data-end=\"744\">M\u00e1s que una prenda, este pantal\u00f3n se convierte en parte de una historia. Cada pieza incluye un c\u00f3digo QR interactivo que conecta con un cuento narrado, permitiendo a ni\u00f1os y familias escuchar la historia detr\u00e1s de la colecci\u00f3n y descubrir los secretos del jard\u00edn de la reina.<\/p>\n<p data-start=\"746\" data-end=\"898\">Cada prenda tambi\u00e9n incluye un peluche compa\u00f1ero, dando vida a uno de los personajes del cuento y fomentando el juego imaginativo m\u00e1s all\u00e1 de la prenda.<\/p>\n<p data-start=\"1094\" data-end=\"1113\"><strong data-start=\"1094\" data-end=\"1113\">Caracter\u00edsticas<\/strong><\/p>\n<ul data-start=\"1115\" data-end=\"1495\">\n<li data-section-id=\"1l8tbyy\" data-start=\"1115\" data-end=\"1179\">Silueta c\u00f3moda dise\u00f1ada para el movimiento y el juego diario<\/li>\n<li data-section-id=\"f1h63d\" data-start=\"1180\" data-end=\"1236\">C\u00f3digo QR interactivo que enlaza a un cuento narrado<\/li>\n<li data-section-id=\"1s6nh9q\" data-start=\"1237\" data-end=\"1309\">Incluye un peluche compa\u00f1ero inspirado en el universo de la historia<\/li>\n<li data-section-id=\"619i9k\" data-start=\"1310\" data-end=\"1368\">Telas suaves y resistentes, ideales para ni\u00f1os activos<\/li>\n<li data-section-id=\"5kpxco\" data-start=\"1443\" data-end=\"1495\">F\u00e1cil de combinar con blusas, su\u00e9teres o jumpers<\/li>\n<\/ul>","protected":false},"excerpt":{"rendered":"<p data-start=\"0\" data-end=\"269\">Un pantal\u00f3n encantador y c\u00f3modo, inspirado en la belleza m\u00e1gica de un jard\u00edn real escondido. Dise\u00f1ado para aventuras llenas de juego y confort en el d\u00eda a d\u00eda, combina elegancia, movimiento y narrativa.<\/p>\n<p data-start=\"271\" data-end=\"440\">Cada prenda incluye un c\u00f3digo QR interactivo que conecta con un cuento narrado y viene acompa\u00f1ada de un suave peluche, transformando la prenda en una experiencia m\u00e1gica.<\/p>\n<p data-start=\"442\" data-end=\"462\" data-is-last-node=\"\" data-is-only-node=\"\">MOQ: 8 piezas en mix<\/p>","protected":false},"featured_media":21227,"template":"","meta":[],"product_brand":[370],"product_cat":[384,380,365],"product_tag":[385,381],"class_list":{"0":"post-21207","1":"product","2":"type-product","3":"status-publish","4":"has-post-thumbnail","6":"product_brand-son-un-cuento","7":"product_cat-campanita-set-pantalon","8":"product_cat-el-jardin-secreto-de-la-reina","9":"product_cat-son-un-cuento","10":"product_tag-bell-set-pants","11":"product_tag-queens-secret-garden","12":"pa_fabric-dakar-100-cotton-153-gr","13":"pa_fabric-muselina-100-algodon-120-gr","15":"first","16":"instock","17":"taxable","18":"shipping-taxable","19":"purchasable","20":"product-type-variable"},"_links":{"self":[{"href":"https:\/\/sonuncuento.com\/en\/wp-json\/wp\/v2\/product\/21207","targetHints":{"allow":["GET"]}}],"collection":[{"href":"https:\/\/sonuncuento.com\/en\/wp-json\/wp\/v2\/product"}],"about":[{"href":"https:\/\/sonuncuento.com\/en\/wp-json\/wp\/v2\/types\/product"}],"version-history":[{"count":1,"href":"https:\/\/sonuncuento.com\/en\/wp-json\/wp\/v2\/product\/21207\/revisions"}],"predecessor-version":[{"id":21228,"href":"https:\/\/sonuncuento.com\/en\/wp-json\/wp\/v2\/product\/21207\/revisions\/21228"}],"wp:featuredmedia":[{"embeddable":true,"href":"https:\/\/sonuncuento.com\/en\/wp-json\/wp\/v2\/media\/21227"}],"wp:attachment":[{"href":"https:\/\/sonuncuento.com\/en\/wp-json\/wp\/v2\/media?parent=21207"}],"wp:term":[{"taxonomy":"product_brand","embeddable":true,"href":"https:\/\/sonuncuento.com\/en\/wp-json\/wp\/v2\/product_brand?post=21207"},{"taxonomy":"product_cat","embeddable":true,"href":"https:\/\/sonuncuento.com\/en\/wp-json\/wp\/v2\/product_cat?post=21207"},{"taxonomy":"product_tag","embeddable":true,"href":"https:\/\/sonuncuento.com\/en\/wp-json\/wp\/v2\/product_tag?post=21207"}],"curies":[{"name":"wp","href":"https:\/\/api.w.org\/{rel}","templated":true}]}}