{"id":21282,"date":"2026-04-15T15:25:56","date_gmt":"2026-04-15T15:25:56","guid":{"rendered":"https:\/\/sonuncuento.com\/?post_type=product&#038;p=21282"},"modified":"2026-04-16T18:27:47","modified_gmt":"2026-04-16T18:27:47","slug":"jumper-set-jardin-secreto-de-la-reina","status":"publish","type":"product","link":"https:\/\/sonuncuento.com\/en\/product\/jumper-set-jardin-secreto-de-la-reina\/","title":{"rendered":"Jumper Set Jard\u00edn Secreto de la Reina"},"content":{"rendered":"<p data-start=\"0\" data-end=\"208\">El <strong>Jumper Set Jard\u00edn Secreto de la Reina<\/strong>\u00a0 invita a los ni\u00f1os a entrar en un jard\u00edn m\u00e1gico donde florecen las rosas, las mariposas deambulan y senderos secretos conducen a historias ocultas.<\/p>\n<p data-start=\"210\" data-end=\"502\">El jumper presenta una silueta relajada que permite libertad de movimiento, ideal para las aventuras del d\u00eda a d\u00eda y la exploraci\u00f3n. Sus tirantes ajustables ofrecen un fit flexible a medida que el ni\u00f1o crece, mientras que su dise\u00f1o atemporal combina f\u00e1cilmente con blusas, camisas o su\u00e9teres.<\/p>\n<p data-start=\"504\" data-end=\"781\">M\u00e1s que una prenda, este set se convierte en parte de una historia m\u00e1gica. Cada pieza incluye un c\u00f3digo QR interactivo que conecta con un cuento narrado, permitiendo a ni\u00f1os y familias escuchar la historia detr\u00e1s de la colecci\u00f3n y descubrir los encantos del jard\u00edn de la reina.<\/p>\n<p data-start=\"783\" data-end=\"921\">Cada set tambi\u00e9n incluye un peluche compa\u00f1ero, dando vida al personaje del cuento y fomentando el juego imaginativo m\u00e1s all\u00e1 de la prenda.<\/p>\n<p data-start=\"1113\" data-end=\"1132\"><strong data-start=\"1113\" data-end=\"1132\">Caracter\u00edsticas<\/strong><\/p>\n<ul data-start=\"1134\" data-end=\"1512\">\n<li data-section-id=\"169u2gk\" data-start=\"1134\" data-end=\"1194\">Silueta c\u00f3moda tipo jumper dise\u00f1ada para el juego diario<\/li>\n<li data-section-id=\"1fxgkit\" data-start=\"1195\" data-end=\"1255\">Tirantes ajustables para un fit adaptable al crecimiento<\/li>\n<li data-section-id=\"f1h63d\" data-start=\"1256\" data-end=\"1312\">C\u00f3digo QR interactivo que enlaza a un cuento narrado<\/li>\n<li data-section-id=\"1s6nh9q\" data-start=\"1313\" data-end=\"1385\">Incluye un peluche compa\u00f1ero inspirado en el universo de la historia<\/li>\n<li data-section-id=\"10jp1g9\" data-start=\"1460\" data-end=\"1512\">F\u00e1cil de combinar con camisas, blusas o su\u00e9teres<\/li>\n<\/ul>","protected":false},"excerpt":{"rendered":"<section class=\"text-token-text-primary w-full focus:outline-none [--shadow-height:45px] has-data-writing-block:pointer-events-none has-data-writing-block:-mt-(--shadow-height) has-data-writing-block:pt-(--shadow-height) [&amp;:has([data-writing-block])&gt;*]:pointer-events-auto scroll-mt-(--header-height)\" dir=\"auto\" data-turn-id=\"0c35539c-9007-4a92-b0c3-3631aeb0fddf\" data-testid=\"conversation-turn-31\" data-scroll-anchor=\"false\" data-turn=\"user\">\n<div class=\"text-base my-auto mx-auto pt-12 [--thread-content-margin:var(--thread-content-margin-xs,calc(var(--spacing)*4))] @w-sm\/main:[--thread-content-margin:var(--thread-content-margin-sm,calc(var(--spacing)*6))] @w-lg\/main:[--thread-content-margin:var(--thread-content-margin-lg,calc(var(--spacing)*16))] px-(--thread-content-margin)\">\n<div class=\"[--thread-content-max-width:40rem] @w-lg\/main:[--thread-content-max-width:48rem] mx-auto max-w-(--thread-content-max-width) flex-1 group\/turn-messages focus-visible:outline-hidden relative flex w-full min-w-0 flex-col\">\n<div class=\"z-0 flex justify-end\"><\/div>\n<\/div>\n<\/div>\n<\/section>\n<p data-start=\"0\" data-end=\"248\">Este es un conjunto encantador y elegante, inspirado en la magia de un jard\u00edn real escondido. Dise\u00f1ado para la exploraci\u00f3n y el confort del d\u00eda a d\u00eda, combina un estilo atemporal con narrativa.<\/p>\n<p data-start=\"250\" data-end=\"434\">Cada prenda incluye un c\u00f3digo QR interactivo que conecta con un cuento narrado y viene acompa\u00f1ada de un suave peluche, convirtiendo el conjunto en una experiencia llena de imaginaci\u00f3n.<\/p>\n<p data-start=\"436\" data-end=\"456\" data-is-last-node=\"\" data-is-only-node=\"\">\n","protected":false},"featured_media":21303,"template":"","meta":[],"product_brand":[370],"product_cat":[380,392,53,365],"product_tag":[393,381],"class_list":{"0":"post-21282","1":"product","2":"type-product","3":"status-publish","4":"has-post-thumbnail","6":"product_brand-son-un-cuento","7":"product_cat-el-jardin-secreto-de-la-reina","8":"product_cat-jumper-set","9":"product_cat-ninas","10":"product_cat-son-un-cuento","11":"product_tag-jumper-set","12":"product_tag-queens-secret-garden","13":"pa_fabric-dakar-100-cotton-153-gr-pima-cotton","14":"pa_fabric-muselina-100-algodon-120-gr-pima-cotton","16":"first","17":"instock","18":"taxable","19":"shipping-taxable","20":"purchasable","21":"product-type-variable"},"_links":{"self":[{"href":"https:\/\/sonuncuento.com\/en\/wp-json\/wp\/v2\/product\/21282","targetHints":{"allow":["GET"]}}],"collection":[{"href":"https:\/\/sonuncuento.com\/en\/wp-json\/wp\/v2\/product"}],"about":[{"href":"https:\/\/sonuncuento.com\/en\/wp-json\/wp\/v2\/types\/product"}],"version-history":[{"count":3,"href":"https:\/\/sonuncuento.com\/en\/wp-json\/wp\/v2\/product\/21282\/revisions"}],"predecessor-version":[{"id":21801,"href":"https:\/\/sonuncuento.com\/en\/wp-json\/wp\/v2\/product\/21282\/revisions\/21801"}],"wp:featuredmedia":[{"embeddable":true,"href":"https:\/\/sonuncuento.com\/en\/wp-json\/wp\/v2\/media\/21303"}],"wp:attachment":[{"href":"https:\/\/sonuncuento.com\/en\/wp-json\/wp\/v2\/media?parent=21282"}],"wp:term":[{"taxonomy":"product_brand","embeddable":true,"href":"https:\/\/sonuncuento.com\/en\/wp-json\/wp\/v2\/product_brand?post=21282"},{"taxonomy":"product_cat","embeddable":true,"href":"https:\/\/sonuncuento.com\/en\/wp-json\/wp\/v2\/product_cat?post=21282"},{"taxonomy":"product_tag","embeddable":true,"href":"https:\/\/sonuncuento.com\/en\/wp-json\/wp\/v2\/product_tag?post=21282"}],"curies":[{"name":"wp","href":"https:\/\/api.w.org\/{rel}","templated":true}]}}