{"id":21309,"date":"2026-04-15T15:26:05","date_gmt":"2026-04-15T15:26:05","guid":{"rendered":"https:\/\/sonuncuento.com\/?post_type=product&#038;p=21309"},"modified":"2026-04-16T18:24:18","modified_gmt":"2026-04-16T18:24:18","slug":"pantalones-cargo-la-jirafa-y-leon","status":"publish","type":"product","link":"https:\/\/sonuncuento.com\/en\/product\/pantalones-cargo-la-jirafa-y-leon\/","title":{"rendered":"Pantalones Cargo La Jirafa y el Le\u00f3n"},"content":{"rendered":"<p data-start=\"0\" data-end=\"265\">Los <strong>Pantalones Cargo Jirafa y Le\u00f3n<\/strong> invitan a los ni\u00f1os a un mundo vibrante inspirado en la amistad entre una jirafa y un le\u00f3n. Creado para la aventura y el descubrimiento, este set combina practicidad, comodidad y narrativa.<\/p>\n<p data-start=\"267\" data-end=\"524\">El dise\u00f1o tipo cargo ofrece un fit relajado que permite libertad de movimiento mientras los ni\u00f1os exploran, juegan e imaginan nuevas historias. Sus detalles funcionales y su silueta atemporal lo convierten en una opci\u00f3n vers\u00e1til y l\u00fadica para el uso diario.<\/p>\n<p data-start=\"526\" data-end=\"807\">M\u00e1s que una prenda, este set se convierte en parte de una historia. Cada pieza incluye un c\u00f3digo QR interactivo que conecta con un cuento narrado, permitiendo a ni\u00f1os y familias escuchar la historia detr\u00e1s de la colecci\u00f3n y adentrarse en el mundo aventurero de la jirafa y el le\u00f3n.<\/p>\n<p data-start=\"809\" data-end=\"958\">Cada set tambi\u00e9n incluye los dos animales, dando vida a los personajes del cuento y fomentando el juego imaginativo m\u00e1s all\u00e1 de la prenda.<\/p>\n<p data-start=\"960\" data-end=\"1140\">Dise\u00f1ado con intenci\u00f3n y elaborado cuidadosamente, el <strong data-start=\"1014\" data-end=\"1042\">Giraffe &amp; Lion Cargo Set<\/strong> refleja el esp\u00edritu de Tailored Stories: prendas que conectan vestuario, narrativa e imaginaci\u00f3n.<\/p>\n<p data-start=\"1142\" data-end=\"1161\"><strong data-start=\"1142\" data-end=\"1161\">Caracter\u00edsticas<\/strong><\/p>\n<ul data-start=\"1163\" data-end=\"1525\">\n<li data-section-id=\"r2ofzo\" data-start=\"1163\" data-end=\"1226\">Dise\u00f1o tipo cargo inspirado en la aventura y la exploraci\u00f3n<\/li>\n<li data-section-id=\"f1h63d\" data-start=\"1227\" data-end=\"1283\">C\u00f3digo QR interactivo que enlaza a un cuento narrado<\/li>\n<li data-section-id=\"1s6nh9q\" data-start=\"1284\" data-end=\"1356\">Incluye un compa\u00f1ero inspirado en el universo de la historia<\/li>\n<li data-section-id=\"wmldmg\" data-start=\"1357\" data-end=\"1409\">Telas c\u00f3modas y resistentes para el juego diario<\/li>\n<li data-section-id=\"ppyqf6\" data-start=\"1475\" data-end=\"1525\">Silueta pr\u00e1ctica y vers\u00e1til para ni\u00f1os activos<\/li>\n<\/ul>","protected":false},"excerpt":{"rendered":"<section class=\"text-token-text-primary w-full focus:outline-none [--shadow-height:45px] has-data-writing-block:pointer-events-none has-data-writing-block:-mt-(--shadow-height) has-data-writing-block:pt-(--shadow-height) [&amp;:has([data-writing-block])&gt;*]:pointer-events-auto scroll-mt-(--header-height)\" dir=\"auto\" data-turn-id=\"0c35539c-9007-4a92-b0c3-3631aeb0fddf\" data-testid=\"conversation-turn-31\" data-scroll-anchor=\"false\" data-turn=\"user\">\n<div class=\"text-base my-auto mx-auto pt-12 [--thread-content-margin:var(--thread-content-margin-xs,calc(var(--spacing)*4))] @w-sm\/main:[--thread-content-margin:var(--thread-content-margin-sm,calc(var(--spacing)*6))] @w-lg\/main:[--thread-content-margin:var(--thread-content-margin-lg,calc(var(--spacing)*16))] px-(--thread-content-margin)\">\n<div class=\"[--thread-content-max-width:40rem] @w-lg\/main:[--thread-content-max-width:48rem] mx-auto max-w-(--thread-content-max-width) flex-1 group\/turn-messages focus-visible:outline-hidden relative flex w-full min-w-0 flex-col\">\n<div class=\"z-0 flex justify-end\"><\/div>\n<\/div>\n<\/div>\n<\/section>\n<p data-start=\"0\" data-end=\"225\">Este es un conjunto l\u00fadico y aventurero inspirado en el esp\u00edritu curioso de la sabana. Dise\u00f1ado para la exploraci\u00f3n y el juego diario, combina comodidad, durabilidad y narrativa.<\/p>\n<p data-start=\"227\" data-end=\"427\">Cada prenda incluye un c\u00f3digo QR interactivo que conecta con un cuento narrado y viene acompa\u00f1ada de un suave compa\u00f1ero, convirtiendo el conjunto en una experiencia de storytelling llena de imaginaci\u00f3n.<\/p>\n","protected":false},"featured_media":21341,"template":"","meta":[],"product_brand":[370],"product_cat":[168,400,53,57,365],"product_tag":[401,402],"class_list":{"0":"post-21309","1":"product","2":"type-product","3":"status-publish","4":"has-post-thumbnail","6":"product_brand-son-un-cuento","7":"product_cat-cargo-pants","8":"product_cat-la-jirafa-y-el-leon","9":"product_cat-ninas","10":"product_cat-ninos","11":"product_cat-son-un-cuento","12":"product_tag-cargo-set","13":"product_tag-giraffe-lion","14":"pa_fabric-dakar-100-cotton-153-gr-pima-cotton","15":"pa_fabric-muselina-100-algodon-120-gr-pima-cotton","17":"first","18":"instock","19":"sale","20":"taxable","21":"shipping-taxable","22":"purchasable","23":"product-type-variable"},"_links":{"self":[{"href":"https:\/\/sonuncuento.com\/en\/wp-json\/wp\/v2\/product\/21309","targetHints":{"allow":["GET"]}}],"collection":[{"href":"https:\/\/sonuncuento.com\/en\/wp-json\/wp\/v2\/product"}],"about":[{"href":"https:\/\/sonuncuento.com\/en\/wp-json\/wp\/v2\/types\/product"}],"version-history":[{"count":4,"href":"https:\/\/sonuncuento.com\/en\/wp-json\/wp\/v2\/product\/21309\/revisions"}],"predecessor-version":[{"id":21790,"href":"https:\/\/sonuncuento.com\/en\/wp-json\/wp\/v2\/product\/21309\/revisions\/21790"}],"wp:featuredmedia":[{"embeddable":true,"href":"https:\/\/sonuncuento.com\/en\/wp-json\/wp\/v2\/media\/21341"}],"wp:attachment":[{"href":"https:\/\/sonuncuento.com\/en\/wp-json\/wp\/v2\/media?parent=21309"}],"wp:term":[{"taxonomy":"product_brand","embeddable":true,"href":"https:\/\/sonuncuento.com\/en\/wp-json\/wp\/v2\/product_brand?post=21309"},{"taxonomy":"product_cat","embeddable":true,"href":"https:\/\/sonuncuento.com\/en\/wp-json\/wp\/v2\/product_cat?post=21309"},{"taxonomy":"product_tag","embeddable":true,"href":"https:\/\/sonuncuento.com\/en\/wp-json\/wp\/v2\/product_tag?post=21309"}],"curies":[{"name":"wp","href":"https:\/\/api.w.org\/{rel}","templated":true}]}}