{"id":21319,"date":"2026-04-15T15:26:09","date_gmt":"2026-04-15T15:26:09","guid":{"rendered":"https:\/\/sonuncuento.com\/?post_type=product&#038;p=21319"},"modified":"2026-04-16T18:22:55","modified_gmt":"2026-04-16T18:22:55","slug":"campanita-set-falda-madriguera-del-conejo-2","status":"publish","type":"product","link":"https:\/\/sonuncuento.com\/en\/product\/campanita-set-falda-madriguera-del-conejo-2\/","title":{"rendered":"Campanita Set Falda Madriguera del Conejo"},"content":{"rendered":"<p data-start=\"95\" data-end=\"383\">Nuestras prendas est\u00e1n elaboradas con telas cuidadosamente seleccionadas para brindar comodidad, durabilidad y libertad de movimiento a los ni\u00f1os. Los materiales son suaves al tacto y resistentes al uso diario, ayudando a que cada prenda conserve su forma y calidad a lo largo del tiempo.<\/p>\n<p data-start=\"385\" data-end=\"732\">Dependiendo del dise\u00f1o y del tipo de tela, las piezas pueden ofrecer ligereza y transpirabilidad para d\u00edas c\u00e1lidos o mayor abrigo para climas m\u00e1s frescos, asegurando confort durante todo el a\u00f1o. Cada material se elige buscando un equilibrio entre suavidad, textura y resistencia, permitiendo que los ni\u00f1os se muevan, exploren y jueguen libremente.<\/p>\n<p data-start=\"734\" data-end=\"753\"><strong data-start=\"734\" data-end=\"753\">Caracter\u00edsticas<\/strong><\/p>\n<ul data-start=\"755\" data-end=\"1060\">\n<li data-section-id=\"kciqmw\" data-start=\"755\" data-end=\"809\">Telas suaves y c\u00f3modas, ideales para el uso diario<\/li>\n<li data-section-id=\"1u61plx\" data-start=\"810\" data-end=\"874\">Materiales duraderos dise\u00f1ados para resistir el juego activo<\/li>\n<li data-section-id=\"fmmo9d\" data-start=\"875\" data-end=\"935\">Construcci\u00f3n flexible que permite libertad de movimiento<\/li>\n<li data-section-id=\"are6ue\" data-start=\"936\" data-end=\"1023\">Telas adaptadas a la temporada, con transpirabilidad o mayor abrigo seg\u00fan el dise\u00f1o<\/li>\n<li data-section-id=\"1gli9tj\" data-start=\"1024\" data-end=\"1060\">F\u00e1cil cuidado y calidad duradera<\/li>\n<\/ul>","protected":false},"excerpt":{"rendered":"<h5 data-start=\"0\" data-end=\"241\">I<span style=\"font-size: 16px;\">nspirado en el mundo m\u00e1gico de <\/span><i style=\"font-size: 16px;\">Sammy el conejo,<\/i><span style=\"font-size: 16px;\">\u00a0Presenta una silueta tipo campana, l\u00fadica y en movimiento, e incluye un c\u00f3digo QR que enlaza a una historia narrada, invitando a los ni\u00f1os a descubrir el cuento mientras llevan la prenda.<\/span><\/h5>\n<p data-start=\"383\" data-end=\"544\">Incluye un hermoso compa\u00f1ero inspirado en la historia.<br data-start=\"437\" data-end=\"440\" \/>C\u00f3digo QR interactivo que conecta con una narraci\u00f3n que da vida a la colecci\u00f3n.<br data-start=\"519\" data-end=\"522\" \/><\/p>","protected":false},"featured_media":21182,"template":"","meta":[],"product_brand":[409],"product_cat":[167,53],"product_tag":[383,379],"class_list":{"0":"post-21319","1":"product","2":"type-product","3":"status-publish","4":"has-post-thumbnail","6":"product_brand-tailored-stories","7":"product_cat-campanita","8":"product_cat-ninas","9":"product_tag-bell-set-skirt","10":"product_tag-rabbits-hole","11":"pa_fabric-dakar-100-cotton-153-gr","12":"pa_fabric-muselina-100-algodon-120-gr","14":"first","15":"instock","16":"taxable","17":"shipping-taxable","18":"purchasable","19":"product-type-variable"},"_links":{"self":[{"href":"https:\/\/sonuncuento.com\/en\/wp-json\/wp\/v2\/product\/21319","targetHints":{"allow":["GET"]}}],"collection":[{"href":"https:\/\/sonuncuento.com\/en\/wp-json\/wp\/v2\/product"}],"about":[{"href":"https:\/\/sonuncuento.com\/en\/wp-json\/wp\/v2\/types\/product"}],"version-history":[{"count":2,"href":"https:\/\/sonuncuento.com\/en\/wp-json\/wp\/v2\/product\/21319\/revisions"}],"predecessor-version":[{"id":21787,"href":"https:\/\/sonuncuento.com\/en\/wp-json\/wp\/v2\/product\/21319\/revisions\/21787"}],"wp:featuredmedia":[{"embeddable":true,"href":"https:\/\/sonuncuento.com\/en\/wp-json\/wp\/v2\/media\/21182"}],"wp:attachment":[{"href":"https:\/\/sonuncuento.com\/en\/wp-json\/wp\/v2\/media?parent=21319"}],"wp:term":[{"taxonomy":"product_brand","embeddable":true,"href":"https:\/\/sonuncuento.com\/en\/wp-json\/wp\/v2\/product_brand?post=21319"},{"taxonomy":"product_cat","embeddable":true,"href":"https:\/\/sonuncuento.com\/en\/wp-json\/wp\/v2\/product_cat?post=21319"},{"taxonomy":"product_tag","embeddable":true,"href":"https:\/\/sonuncuento.com\/en\/wp-json\/wp\/v2\/product_tag?post=21319"}],"curies":[{"name":"wp","href":"https:\/\/api.w.org\/{rel}","templated":true}]}}