{"id":21354,"date":"2026-04-15T15:26:16","date_gmt":"2026-04-15T15:26:16","guid":{"rendered":"https:\/\/sonuncuento.com\/?post_type=product&#038;p=21354"},"modified":"2026-04-15T17:39:24","modified_gmt":"2026-04-15T17:39:24","slug":"bailarina-set-madriguera-del-conejo-corduroy","status":"publish","type":"product","link":"https:\/\/sonuncuento.com\/en\/product\/bailarina-set-madriguera-del-conejo-corduroy\/","title":{"rendered":"Bailarina Set Madriguera del Conejo Corduroy"},"content":{"rendered":"<p>El Conjunto celebra el movimiento, el color y la imaginaci\u00f3n, este set invita a los ni\u00f1os a entrar en un mundo l\u00fadico donde la curiosidad, la literatura y la narraci\u00f3n se encuentran.<\/p>\n<p>La silueta inspirada en bailarina permite moverse con libertad\u2014perfecta para girar, bailar y explorar. El dise\u00f1o combina comodidad con una est\u00e9tica encantadora, haci\u00e9ndolo ideal tanto para el juego diario como para momentos especiales.<\/p>\n<p>M\u00e1s que una prenda, el conjunto se convierte en parte de una historia. Cada pieza incluye un c\u00f3digo QR interactivo que enlaza a un cuento narrado, permitiendo a ni\u00f1os y familias escuchar la historia detr\u00e1s de la colecci\u00f3n y entrar en el mundo m\u00e1gico de Son un Cuento.<\/p>\n<p>Adem\u00e1s, cada set incluye un compa\u00f1ero de mu\u00f1eco, dando vida a uno de los personajes del cuento y fomentando el juego imaginativo m\u00e1s all\u00e1 de la prenda.<\/p>\n<p>Dise\u00f1ado con intenci\u00f3n y cuidado,\u00a0refleja el esp\u00edritu de Son Un Cuento \u2014 prendas que conectan vestuario, narrativa e imaginaci\u00f3n.<\/p>\n<p><strong>Caracter\u00edsticas principales<\/strong><\/p>\n<ul>\n<li>Silueta inspirada en bailarina, dise\u00f1ada para el movimiento y el juego<\/li>\n<li>C\u00f3digo QR interactivo con acceso a un cuento narrado<\/li>\n<li>Incluye un mu\u00f1eco inspirado en el universo de la historia<\/li>\n<li>Telas abrigadas y c\u00f3modas para el uso diario<\/li>\n<li>Ideal para girar, bailar y jugar con imaginaci\u00f3n<\/li>\n<\/ul>\n<p>MOQ: 8 piezas en mix<\/p>","protected":false},"excerpt":{"rendered":"<h5 data-start=\"0\" data-end=\"241\"><strong>SRP (Precio Sugerido Al Publico): US$76\u00a0<\/strong><\/h5>\n<p data-start=\"0\" data-end=\"241\">El Conjunto Bailarina es un outfit l\u00fadico y c\u00f3modo Dise\u00f1ado para el movimiento, la imaginaci\u00f3n y las aventuras del d\u00eda a d\u00eda, este set combina comodidad con narrativa.<\/p>\n<p data-start=\"243\" data-end=\"427\">Cada pieza incluye un c\u00f3digo QR interactivo que enlaza a un cuento narrado e incluye un suave compa\u00f1ero, convirtiendo la prenda en una experiencia inmersiva de storytelling.<\/p>\n<p data-start=\"429\" data-end=\"449\" data-is-last-node=\"\" data-is-only-node=\"\"><strong>MOQ: 8 piezas en mix<\/strong><\/p>","protected":false},"featured_media":21380,"template":"","meta":[],"product_brand":[370],"product_cat":[366,378,53,365],"product_tag":[368,379],"class_list":{"0":"post-21354","1":"product","2":"type-product","3":"status-publish","4":"has-post-thumbnail","6":"product_brand-son-un-cuento","7":"product_cat-bailarina-son-un-cuento","8":"product_cat-madriguera-del-conejo","9":"product_cat-ninas","10":"product_cat-son-un-cuento","11":"product_tag-ballerina-set","12":"product_tag-rabbits-hole","13":"pa_fabric-corduroy-90-poliester-9-nylon-1-spandex-270-gr","15":"first","16":"instock","17":"taxable","18":"shipping-taxable","19":"purchasable","20":"product-type-variable"},"_links":{"self":[{"href":"https:\/\/sonuncuento.com\/en\/wp-json\/wp\/v2\/product\/21354","targetHints":{"allow":["GET"]}}],"collection":[{"href":"https:\/\/sonuncuento.com\/en\/wp-json\/wp\/v2\/product"}],"about":[{"href":"https:\/\/sonuncuento.com\/en\/wp-json\/wp\/v2\/types\/product"}],"version-history":[{"count":1,"href":"https:\/\/sonuncuento.com\/en\/wp-json\/wp\/v2\/product\/21354\/revisions"}],"predecessor-version":[{"id":21381,"href":"https:\/\/sonuncuento.com\/en\/wp-json\/wp\/v2\/product\/21354\/revisions\/21381"}],"wp:featuredmedia":[{"embeddable":true,"href":"https:\/\/sonuncuento.com\/en\/wp-json\/wp\/v2\/media\/21380"}],"wp:attachment":[{"href":"https:\/\/sonuncuento.com\/en\/wp-json\/wp\/v2\/media?parent=21354"}],"wp:term":[{"taxonomy":"product_brand","embeddable":true,"href":"https:\/\/sonuncuento.com\/en\/wp-json\/wp\/v2\/product_brand?post=21354"},{"taxonomy":"product_cat","embeddable":true,"href":"https:\/\/sonuncuento.com\/en\/wp-json\/wp\/v2\/product_cat?post=21354"},{"taxonomy":"product_tag","embeddable":true,"href":"https:\/\/sonuncuento.com\/en\/wp-json\/wp\/v2\/product_tag?post=21354"}],"curies":[{"name":"wp","href":"https:\/\/api.w.org\/{rel}","templated":true}]}}