{"id":21364,"date":"2026-04-15T15:26:17","date_gmt":"2026-04-15T15:26:17","guid":{"rendered":"https:\/\/sonuncuento.com\/?post_type=product&#038;p=21364"},"modified":"2026-04-16T18:19:44","modified_gmt":"2026-04-16T18:19:44","slug":"campanita-set-pantalon-madriguera-del-conejo-corduroy","status":"publish","type":"product","link":"https:\/\/sonuncuento.com\/en\/product\/campanita-set-pantalon-madriguera-del-conejo-corduroy\/","title":{"rendered":"Campanita Set Pantal\u00f3n Madriguera del Conejo Corduroy"},"content":{"rendered":"<p data-start=\"0\" data-end=\"261\">Invita a los ni\u00f1os a un mundo encantado donde la curiosidad conduce a aventuras inesperadas. Inspirado en el universo m\u00e1gico de <em data-start=\"184\" data-end=\"203\">Sammy el conejo<\/em>, este pantal\u00f3n combina comodidad, movimiento y narrativa.<\/p>\n<p data-start=\"263\" data-end=\"509\">Dise\u00f1ado con una silueta relajada que permite libertad de movimiento, es perfecto para correr, jugar y explorar. Su dise\u00f1o atemporal facilita combinarlo con blusas, su\u00e9teres o jumpers de la colecci\u00f3n, creando looks encantadores para el d\u00eda a d\u00eda.<\/p>\n<p data-start=\"511\" data-end=\"805\">M\u00e1s que una prenda, este pantal\u00f3n se convierte en parte de una historia m\u00e1gica. Cada pieza incluye un c\u00f3digo QR interactivo que conecta con un cuento narrado, permitiendo a ni\u00f1os y familias escuchar la historia detr\u00e1s de la colecci\u00f3n y adentrarse en el imaginativo mundo del Conejo<\/p>\n<p data-start=\"807\" data-end=\"959\">Cada prenda tambi\u00e9n incluye un compa\u00f1ero, dando vida a uno de los personajes del cuento y fomentando el juego imaginativo m\u00e1s all\u00e1 de la prenda.<\/p>\n<p data-start=\"1145\" data-end=\"1164\"><strong data-start=\"1145\" data-end=\"1164\">Caracter\u00edsticas<\/strong><\/p>\n<ul data-start=\"1166\" data-end=\"1542\">\n<li data-section-id=\"1l8tbyy\" data-start=\"1166\" data-end=\"1230\">Silueta c\u00f3moda dise\u00f1ada para el movimiento y el juego diario<\/li>\n<li data-section-id=\"f1h63d\" data-start=\"1231\" data-end=\"1287\">C\u00f3digo QR interactivo que enlaza a un cuento narrado<\/li>\n<li data-section-id=\"1s6nh9q\" data-start=\"1288\" data-end=\"1360\">Incluye un amigo compa\u00f1ero inspirado en el universo de la historia<\/li>\n<li data-section-id=\"619i9k\" data-start=\"1361\" data-end=\"1419\">Tela abrigada suave y resistente, ideales para ni\u00f1os activos<\/li>\n<li data-section-id=\"5kpxco\" data-start=\"1490\" data-end=\"1542\">F\u00e1cil de combinar con blusas, su\u00e9teres o jumpers<\/li>\n<\/ul>\n<p data-start=\"1544\" data-end=\"1564\" data-is-last-node=\"\" data-is-only-node=\"\">","protected":false},"excerpt":{"rendered":"<p data-start=\"0\" data-end=\"236\">Este es un pantal\u00f3n c\u00f3modo inspirado en un mundo m\u00e1gico. Dise\u00f1ado para el movimiento y las aventuras del d\u00eda a d\u00eda, combina encanto, confort y narrativa.<\/p>\n<p data-start=\"238\" data-end=\"420\">Cada prenda incluye un c\u00f3digo QR interactivo que conecta con un cuento narrado y viene acompa\u00f1ada de un suave peluche, convirtiendo la prenda en una experiencia llena de imaginaci\u00f3n.<\/p>\n<p data-start=\"422\" data-end=\"442\" data-is-last-node=\"\" data-is-only-node=\"\">","protected":false},"featured_media":21385,"template":"","meta":[],"product_brand":[370],"product_cat":[167,384,378,365],"product_tag":[385,379],"class_list":{"0":"post-21364","1":"product","2":"type-product","3":"status-publish","4":"has-post-thumbnail","6":"product_brand-son-un-cuento","7":"product_cat-campanita","8":"product_cat-campanita-set-pantalon","9":"product_cat-madriguera-del-conejo","10":"product_cat-son-un-cuento","11":"product_tag-bell-set-pants","12":"product_tag-rabbits-hole","13":"pa_fabric-corduroy-90-poliester-9-nylon-1-spandex-270-gr","15":"first","16":"instock","17":"taxable","18":"shipping-taxable","19":"purchasable","20":"product-type-variable"},"_links":{"self":[{"href":"https:\/\/sonuncuento.com\/en\/wp-json\/wp\/v2\/product\/21364","targetHints":{"allow":["GET"]}}],"collection":[{"href":"https:\/\/sonuncuento.com\/en\/wp-json\/wp\/v2\/product"}],"about":[{"href":"https:\/\/sonuncuento.com\/en\/wp-json\/wp\/v2\/types\/product"}],"version-history":[{"count":2,"href":"https:\/\/sonuncuento.com\/en\/wp-json\/wp\/v2\/product\/21364\/revisions"}],"predecessor-version":[{"id":21777,"href":"https:\/\/sonuncuento.com\/en\/wp-json\/wp\/v2\/product\/21364\/revisions\/21777"}],"wp:featuredmedia":[{"embeddable":true,"href":"https:\/\/sonuncuento.com\/en\/wp-json\/wp\/v2\/media\/21385"}],"wp:attachment":[{"href":"https:\/\/sonuncuento.com\/en\/wp-json\/wp\/v2\/media?parent=21364"}],"wp:term":[{"taxonomy":"product_brand","embeddable":true,"href":"https:\/\/sonuncuento.com\/en\/wp-json\/wp\/v2\/product_brand?post=21364"},{"taxonomy":"product_cat","embeddable":true,"href":"https:\/\/sonuncuento.com\/en\/wp-json\/wp\/v2\/product_cat?post=21364"},{"taxonomy":"product_tag","embeddable":true,"href":"https:\/\/sonuncuento.com\/en\/wp-json\/wp\/v2\/product_tag?post=21364"}],"curies":[{"name":"wp","href":"https:\/\/api.w.org\/{rel}","templated":true}]}}