{"id":21374,"date":"2026-04-15T15:26:17","date_gmt":"2026-04-15T15:26:17","guid":{"rendered":"https:\/\/sonuncuento.com\/?post_type=product&#038;p=21374"},"modified":"2026-04-15T17:34:53","modified_gmt":"2026-04-15T17:34:53","slug":"poncho-doble-cara-madriguera-del-conejo-corduroy","status":"publish","type":"product","link":"https:\/\/sonuncuento.com\/en\/product\/poncho-doble-cara-madriguera-del-conejo-corduroy\/","title":{"rendered":"Poncho Doble Cara Madriguera del Conejo Corduroy"},"content":{"rendered":"<p data-start=\"0\" data-end=\"319\">El <strong data-start=\"3\" data-end=\"46\">Poncho Doble Cara Madriguera del Conejo<\/strong> es una prenda vers\u00e1til y encantadora inspirada en el universo m\u00e1gico de <em data-start=\"119\" data-end=\"145\">The Rabbit\u2019s Hole<\/em>. Dise\u00f1ado para envolver a los ni\u00f1os en comodidad y fantas\u00eda, su dise\u00f1o reversible permite disfrutar dos estilos en una sola pieza, adapt\u00e1ndose a diferentes momentos y looks.<\/p>\n<p data-start=\"321\" data-end=\"551\">Confeccionado en materiales suaves y acogedores, es ideal para acompa\u00f1ar los d\u00edas de juego, descanso o salidas especiales. Su silueta amplia permite libertad de movimiento, convirti\u00e9ndolo en una prenda pr\u00e1ctica y llena de encanto.<\/p>\n<p data-start=\"553\" data-end=\"765\">M\u00e1s que un poncho, es parte de una historia. Incluye un c\u00f3digo QR interactivo que conecta con un cuento narrado, invitando a los ni\u00f1os y sus familias a sumergirse en el mundo m\u00e1gico de <em data-start=\"738\" data-end=\"764\">The Rabbit\u2019s Hole<\/em>.<\/p>\n<p data-start=\"767\" data-end=\"902\">Adem\u00e1s, viene acompa\u00f1ado de un peluche compa\u00f1ero inspirado en el universo del cuento, extendiendo la experiencia m\u00e1s all\u00e1 de la prenda.<\/p>\n<p data-start=\"904\" data-end=\"923\"><strong data-start=\"904\" data-end=\"923\">Caracter\u00edsticas<\/strong><\/p>\n<ul data-start=\"925\" data-end=\"1162\">\n<li data-section-id=\"zvsdbu\" data-start=\"925\" data-end=\"959\">Dise\u00f1o doble cara (reversible)<\/li>\n<li data-section-id=\"rlq0fi\" data-start=\"960\" data-end=\"983\">Tela suave y c\u00f3moda<\/li>\n<li data-section-id=\"7jnavc\" data-start=\"984\" data-end=\"1030\">Silueta amplia para libertad de movimiento<\/li>\n<li data-section-id=\"kcox25\" data-start=\"1031\" data-end=\"1075\">C\u00f3digo QR interactivo con cuento narrado<\/li>\n<li data-section-id=\"8dznpu\" data-start=\"1076\" data-end=\"1105\">Incluye peluche compa\u00f1ero<\/li>\n<li data-section-id=\"tdpven\" data-start=\"1106\" data-end=\"1162\">Inspirado en la colecci\u00f3n <em data-start=\"1134\" data-end=\"1160\">The Rabbit\u2019s Hole<\/em><\/li>\n<\/ul>\n<p data-start=\"1164\" data-end=\"1184\" data-is-last-node=\"\" data-is-only-node=\"\">MOQ: 8 piezas en mix<\/p>","protected":false},"excerpt":{"rendered":"<section class=\"text-token-text-primary w-full focus:outline-none [--shadow-height:45px] has-data-writing-block:pointer-events-none has-data-writing-block:-mt-(--shadow-height) has-data-writing-block:pt-(--shadow-height) [&amp;:has([data-writing-block])&gt;*]:pointer-events-auto scroll-mt-(--header-height)\" dir=\"auto\" data-turn-id=\"21d4a19a-a8ce-4fd2-a7cb-a90560d98976\" data-testid=\"conversation-turn-47\" data-scroll-anchor=\"false\" data-turn=\"user\">\n<div class=\"text-base my-auto mx-auto pt-12 [--thread-content-margin:var(--thread-content-margin-xs,calc(var(--spacing)*4))] @w-sm\/main:[--thread-content-margin:var(--thread-content-margin-sm,calc(var(--spacing)*6))] @w-lg\/main:[--thread-content-margin:var(--thread-content-margin-lg,calc(var(--spacing)*16))] px-(--thread-content-margin)\">\n<div class=\"[--thread-content-max-width:40rem] @w-lg\/main:[--thread-content-max-width:48rem] mx-auto max-w-(--thread-content-max-width) flex-1 group\/turn-messages focus-visible:outline-hidden relative flex w-full min-w-0 flex-col\">\n<div class=\"flex max-w-full flex-col gap-4 grow\">\n<div class=\"min-h-8 text-message relative flex w-full flex-col items-end gap-2 text-start break-words whitespace-normal outline-none keyboard-focused:focus-ring [.text-message+&amp;]:mt-1\" dir=\"auto\" data-message-author-role=\"user\" data-message-id=\"21d4a19a-a8ce-4fd2-a7cb-a90560d98976\">\n<div class=\"flex w-full flex-col gap-1 empty:hidden items-end rtl:items-start\"><\/div>\n<\/div>\n<\/div>\n<div class=\"z-0 flex justify-end\">\n<section class=\"text-token-text-primary w-full focus:outline-none [--shadow-height:45px] has-data-writing-block:pointer-events-none has-data-writing-block:-mt-(--shadow-height) has-data-writing-block:pt-(--shadow-height) [&amp;:has([data-writing-block])&gt;*]:pointer-events-auto scroll-mt-(--header-height)\" dir=\"auto\" data-turn-id=\"0c35539c-9007-4a92-b0c3-3631aeb0fddf\" data-testid=\"conversation-turn-31\" data-scroll-anchor=\"false\" data-turn=\"user\">\n<div class=\"text-base my-auto mx-auto pt-12 [--thread-content-margin:var(--thread-content-margin-xs,calc(var(--spacing)*4))] @w-sm\/main:[--thread-content-margin:var(--thread-content-margin-sm,calc(var(--spacing)*6))] @w-lg\/main:[--thread-content-margin:var(--thread-content-margin-lg,calc(var(--spacing)*16))] px-(--thread-content-margin)\">\n<div class=\"[--thread-content-max-width:40rem] @w-lg\/main:[--thread-content-max-width:48rem] mx-auto max-w-(--thread-content-max-width) flex-1 group\/turn-messages focus-visible:outline-hidden relative flex w-full min-w-0 flex-col\">\n<div class=\"z-0 flex justify-end\">\n<h5 data-start=\"0\" data-end=\"241\"><strong>SRP (Precio Sugerido al P\u00fablico): US$86<\/strong><\/h5>\n<\/div>\n<\/div>\n<\/div>\n<\/section>\n<\/div>\n<\/div>\n<\/div>\n<\/section>\n<section class=\"text-token-text-primary w-full focus:outline-none [--shadow-height:45px] has-data-writing-block:pointer-events-none has-data-writing-block:-mt-(--shadow-height) has-data-writing-block:pt-(--shadow-height) [&amp;:has([data-writing-block])&gt;*]:pointer-events-auto scroll-mt-[calc(var(--header-height)+min(200px,max(70px,20svh)))]\" dir=\"auto\" data-turn-id=\"request-WEB:b0c6c253-f803-4cd0-b572-50fe0b744aca-23\" data-testid=\"conversation-turn-48\" data-scroll-anchor=\"true\" data-turn=\"assistant\">\n<div class=\"text-base my-auto mx-auto pb-10 [--thread-content-margin:var(--thread-content-margin-xs,calc(var(--spacing)*4))] @w-sm\/main:[--thread-content-margin:var(--thread-content-margin-sm,calc(var(--spacing)*6))] @w-lg\/main:[--thread-content-margin:var(--thread-content-margin-lg,calc(var(--spacing)*16))] px-(--thread-content-margin)\">\n<div class=\"[--thread-content-max-width:40rem] @w-lg\/main:[--thread-content-max-width:48rem] mx-auto max-w-(--thread-content-max-width) flex-1 group\/turn-messages focus-visible:outline-hidden relative flex w-full min-w-0 flex-col agent-turn\">\n<div class=\"flex max-w-full flex-col gap-4 grow\">\n<div class=\"min-h-8 text-message relative flex w-full flex-col items-end gap-2 text-start break-words whitespace-normal outline-none keyboard-focused:focus-ring [.text-message+&amp;]:mt-1\" dir=\"auto\" tabindex=\"0\" data-message-author-role=\"assistant\" data-message-id=\"1dce2635-7437-4311-a363-a1e1c06a2272\" data-message-model-slug=\"gpt-5-3\" data-turn-start-message=\"true\">\n<div class=\"flex w-full flex-col gap-1 empty:hidden\">\n<div class=\"markdown prose dark:prose-invert w-full wrap-break-word light markdown-new-styling\">\n<p data-start=\"0\" data-end=\"276\"><span data-start=\"3\" data-end=\"40\">Este<\/span><strong data-start=\"3\" data-end=\"40\"> Poncho<\/strong> es una prenda vers\u00e1til y acogedora, dise\u00f1ada para aventuras llenas de juego. Gracias a su dise\u00f1o reversible, los ni\u00f1os pueden disfrutar de dos estilos en una sola pieza mientras se sumergen en el universo m\u00e1gico de <i>Sammy el conejo.<\/i><\/p>\n<p data-start=\"278\" data-end=\"456\">Cada prenda incluye un c\u00f3digo QR interactivo que conecta con un cuento narrado y viene acompa\u00f1ada de un compa\u00f1ero, transformando la prenda en una experiencia de storytelling.<\/p>\n<p data-start=\"458\" data-end=\"478\" data-is-last-node=\"\" data-is-only-node=\"\">MOQ: 8 piezas en mix<\/p>\n<\/div>\n<\/div>\n<\/div>\n<\/div>\n<\/div>\n<\/div>\n<\/section>\n","protected":false},"featured_media":21389,"template":"","meta":[],"product_brand":[370],"product_cat":[378,53,403,365],"product_tag":[404,379],"class_list":{"0":"post-21374","1":"product","2":"type-product","3":"status-publish","4":"has-post-thumbnail","6":"product_brand-son-un-cuento","7":"product_cat-madriguera-del-conejo","8":"product_cat-ninas","9":"product_cat-poncho","10":"product_cat-son-un-cuento","11":"product_tag-double-sided-poncho","12":"product_tag-rabbits-hole","13":"pa_fabric-corduroy-90-poliester-9-nylon-1-spandex-270-gr","15":"first","16":"instock","17":"taxable","18":"shipping-taxable","19":"purchasable","20":"product-type-variable"},"_links":{"self":[{"href":"https:\/\/sonuncuento.com\/en\/wp-json\/wp\/v2\/product\/21374","targetHints":{"allow":["GET"]}}],"collection":[{"href":"https:\/\/sonuncuento.com\/en\/wp-json\/wp\/v2\/product"}],"about":[{"href":"https:\/\/sonuncuento.com\/en\/wp-json\/wp\/v2\/types\/product"}],"version-history":[{"count":1,"href":"https:\/\/sonuncuento.com\/en\/wp-json\/wp\/v2\/product\/21374\/revisions"}],"predecessor-version":[{"id":21390,"href":"https:\/\/sonuncuento.com\/en\/wp-json\/wp\/v2\/product\/21374\/revisions\/21390"}],"wp:featuredmedia":[{"embeddable":true,"href":"https:\/\/sonuncuento.com\/en\/wp-json\/wp\/v2\/media\/21389"}],"wp:attachment":[{"href":"https:\/\/sonuncuento.com\/en\/wp-json\/wp\/v2\/media?parent=21374"}],"wp:term":[{"taxonomy":"product_brand","embeddable":true,"href":"https:\/\/sonuncuento.com\/en\/wp-json\/wp\/v2\/product_brand?post=21374"},{"taxonomy":"product_cat","embeddable":true,"href":"https:\/\/sonuncuento.com\/en\/wp-json\/wp\/v2\/product_cat?post=21374"},{"taxonomy":"product_tag","embeddable":true,"href":"https:\/\/sonuncuento.com\/en\/wp-json\/wp\/v2\/product_tag?post=21374"}],"curies":[{"name":"wp","href":"https:\/\/api.w.org\/{rel}","templated":true}]}}